{"id":700,"date":"2020-12-27T22:04:27","date_gmt":"2020-12-27T20:04:27","guid":{"rendered":"http:\/\/sergek.fr\/?page_id=700"},"modified":"2021-01-03T14:50:18","modified_gmt":"2021-01-03T12:50:18","slug":"tango-huile-sur-toile-46-x-61-cm","status":"publish","type":"page","link":"https:\/\/sergek.fr\/?page_id=700","title":{"rendered":"\u00ab\u00a0tango\u00a0\u00bb, huile sur toile, 46 x 61 cm"},"content":{"rendered":"\n<p>Dans sa peinture \u00ab\u00a0Tango\u00a0\u00bb Serge Krewiss a voulu donner l&rsquo;impression que deux bouteilles dansent un tango renversant. En effet, deux bouteilles en plastique transparent avec bouchon rouge sont coll\u00e9es l&rsquo;une \u00e0 l&rsquo;autre dans un mouvement qui en soul\u00e8ve une du sol. Des tendeurs rouges symbolisant leur bras accentuent le mouvement. Le fond constitu\u00e9 de plastique bulle apporte plus encore de contemporan\u00e9it\u00e9 \u00e0 la sc\u00e8ne. Les bouteilles \u00ab\u00a0vivantes et humaines\u00a0\u00bb de Serge Krewiss s\u2019inscrivent dans l&rsquo;Histoire et dans le temps, dans notre \u00e9poque et donc dans l&rsquo;art contemporain.<\/p>\n\n\n\n<p><strong>Ann\u00e9e de cr\u00e9ation : 2020<\/strong><\/p>\n\n\n\n<figure class=\"wp-block-image size-large\"><a href=\"https:\/\/sergek.fr\/wp-content\/uploads\/2020\/05\/Sergek_Serge-Krewiss_Tango.jpg\"><img loading=\"lazy\" decoding=\"async\" width=\"777\" height=\"1024\" src=\"https:\/\/sergek.fr\/wp-content\/uploads\/2020\/05\/Sergek_Serge-Krewiss_Tango-777x1024.jpg\" alt=\"\" class=\"wp-image-527\" srcset=\"https:\/\/sergek.fr\/wp-content\/uploads\/2020\/05\/Sergek_Serge-Krewiss_Tango-777x1024.jpg 777w, https:\/\/sergek.fr\/wp-content\/uploads\/2020\/05\/Sergek_Serge-Krewiss_Tango-228x300.jpg 228w, https:\/\/sergek.fr\/wp-content\/uploads\/2020\/05\/Sergek_Serge-Krewiss_Tango-768x1013.jpg 768w\" sizes=\"auto, (max-width: 777px) 100vw, 777px\" \/><\/a><figcaption><strong>\u00ab\u00a0Tango\u00a0\u00bb<\/strong>, huile sur toile, <em>46 x 61 cm.<\/em><\/figcaption><\/figure>\n\n\n\n<p><strong>Mise en situation :<\/strong><\/p>\n\n\n\n<figure class=\"wp-block-image size-large\"><a href=\"https:\/\/sergek.fr\/wp-content\/uploads\/2020\/12\/Serge-Krewiss_Tango_Interieurs17-scaled.jpg\"><img loading=\"lazy\" decoding=\"async\" width=\"683\" height=\"1024\" src=\"https:\/\/sergek.fr\/wp-content\/uploads\/2020\/12\/Serge-Krewiss_Tango_Interieurs17-683x1024.jpg\" alt=\"\" class=\"wp-image-706\" srcset=\"https:\/\/sergek.fr\/wp-content\/uploads\/2020\/12\/Serge-Krewiss_Tango_Interieurs17-683x1024.jpg 683w, https:\/\/sergek.fr\/wp-content\/uploads\/2020\/12\/Serge-Krewiss_Tango_Interieurs17-200x300.jpg 200w, https:\/\/sergek.fr\/wp-content\/uploads\/2020\/12\/Serge-Krewiss_Tango_Interieurs17-768x1152.jpg 768w, https:\/\/sergek.fr\/wp-content\/uploads\/2020\/12\/Serge-Krewiss_Tango_Interieurs17-1024x1536.jpg 1024w, https:\/\/sergek.fr\/wp-content\/uploads\/2020\/12\/Serge-Krewiss_Tango_Interieurs17-1365x2048.jpg 1365w, https:\/\/sergek.fr\/wp-content\/uploads\/2020\/12\/Serge-Krewiss_Tango_Interieurs17-scaled.jpg 1707w\" sizes=\"auto, (max-width: 683px) 100vw, 683px\" \/><\/a><\/figure>\n\n\n\n<p><strong>\u00ab\u00a0Tango\u00a0\u00bb<\/strong>&nbsp;: quelques d\u00e9tails en gros plan.<\/p>\n\n\n\n<figure class=\"wp-block-gallery columns-3 is-cropped wp-block-gallery-1 is-layout-flex wp-block-gallery-is-layout-flex\"><ul class=\"blocks-gallery-grid\"><li class=\"blocks-gallery-item\"><figure><a href=\"https:\/\/sergek.fr\/wp-content\/uploads\/2020\/12\/Sergek_Serge-Krewiss_Tango8.jpg\"><img loading=\"lazy\" decoding=\"async\" width=\"768\" height=\"1024\" src=\"https:\/\/sergek.fr\/wp-content\/uploads\/2020\/12\/Sergek_Serge-Krewiss_Tango8-768x1024.jpg\" alt=\"\" data-id=\"705\" data-full-url=\"https:\/\/sergek.fr\/wp-content\/uploads\/2020\/12\/Sergek_Serge-Krewiss_Tango8.jpg\" data-link=\"https:\/\/sergek.fr\/?attachment_id=705\" class=\"wp-image-705\" srcset=\"https:\/\/sergek.fr\/wp-content\/uploads\/2020\/12\/Sergek_Serge-Krewiss_Tango8-768x1024.jpg 768w, https:\/\/sergek.fr\/wp-content\/uploads\/2020\/12\/Sergek_Serge-Krewiss_Tango8-225x300.jpg 225w, https:\/\/sergek.fr\/wp-content\/uploads\/2020\/12\/Sergek_Serge-Krewiss_Tango8.jpg 1125w\" sizes=\"auto, (max-width: 768px) 100vw, 768px\" \/><\/a><\/figure><\/li><li class=\"blocks-gallery-item\"><figure><a href=\"https:\/\/sergek.fr\/wp-content\/uploads\/2020\/12\/Sergek_Serge-Krewiss_Tango7.jpg\"><img loading=\"lazy\" decoding=\"async\" width=\"768\" height=\"1024\" src=\"https:\/\/sergek.fr\/wp-content\/uploads\/2020\/12\/Sergek_Serge-Krewiss_Tango7-768x1024.jpg\" alt=\"\" data-id=\"704\" data-full-url=\"https:\/\/sergek.fr\/wp-content\/uploads\/2020\/12\/Sergek_Serge-Krewiss_Tango7.jpg\" data-link=\"https:\/\/sergek.fr\/?attachment_id=704\" class=\"wp-image-704\" srcset=\"https:\/\/sergek.fr\/wp-content\/uploads\/2020\/12\/Sergek_Serge-Krewiss_Tango7-768x1024.jpg 768w, https:\/\/sergek.fr\/wp-content\/uploads\/2020\/12\/Sergek_Serge-Krewiss_Tango7-225x300.jpg 225w, https:\/\/sergek.fr\/wp-content\/uploads\/2020\/12\/Sergek_Serge-Krewiss_Tango7.jpg 1125w\" sizes=\"auto, (max-width: 768px) 100vw, 768px\" \/><\/a><\/figure><\/li><li class=\"blocks-gallery-item\"><figure><a href=\"https:\/\/sergek.fr\/wp-content\/uploads\/2020\/12\/Sergek_Serge-Krewiss_Tango6.jpg\"><img loading=\"lazy\" decoding=\"async\" width=\"768\" height=\"1024\" src=\"https:\/\/sergek.fr\/wp-content\/uploads\/2020\/12\/Sergek_Serge-Krewiss_Tango6-768x1024.jpg\" alt=\"\" data-id=\"703\" data-full-url=\"https:\/\/sergek.fr\/wp-content\/uploads\/2020\/12\/Sergek_Serge-Krewiss_Tango6.jpg\" data-link=\"https:\/\/sergek.fr\/?attachment_id=703\" class=\"wp-image-703\" srcset=\"https:\/\/sergek.fr\/wp-content\/uploads\/2020\/12\/Sergek_Serge-Krewiss_Tango6-768x1024.jpg 768w, https:\/\/sergek.fr\/wp-content\/uploads\/2020\/12\/Sergek_Serge-Krewiss_Tango6-225x300.jpg 225w, https:\/\/sergek.fr\/wp-content\/uploads\/2020\/12\/Sergek_Serge-Krewiss_Tango6.jpg 1125w\" sizes=\"auto, (max-width: 768px) 100vw, 768px\" \/><\/a><\/figure><\/li><\/ul><\/figure>\n\n\n\n<p><strong>\u00ab\u00a0Tango\u00a0\u00bb<\/strong> vous int\u00e9resse, <strong><a href=\"https:\/\/sergek.fr\/?page_id=49\">contactez-moi<\/a><\/strong><\/p>\n","protected":false},"excerpt":{"rendered":"<p>Dans sa peinture \u00ab\u00a0Tango\u00a0\u00bb Serge Krewiss a voulu donner l&rsquo;impression que deux bouteilles dansent un tango renversant. En effet, deux bouteilles en plastique transparent avec bouchon rouge sont coll\u00e9es l&rsquo;une [&hellip;]<\/p>\n","protected":false},"author":1,"featured_media":0,"parent":0,"menu_order":0,"comment_status":"closed","ping_status":"closed","template":"","meta":{"_acf_changed":false,"footnotes":""},"class_list":["post-700","page","type-page","status-publish","hentry"],"acf":[],"yoast_head":"<!-- This site is optimized with the Yoast SEO plugin v24.9 - https:\/\/yoast.com\/wordpress\/plugins\/seo\/ -->\n<title>&quot;tango&quot;, huile sur toile, 46 x 61 cm - Serge Krewiss<\/title>\n<meta name=\"description\" content=\"%\" \/>\n<meta name=\"robots\" content=\"index, follow, max-snippet:-1, max-image-preview:large, max-video-preview:-1\" \/>\n<link rel=\"canonical\" href=\"https:\/\/sergek.fr\/?page_id=700\" \/>\n<meta property=\"og:locale\" content=\"fr_FR\" \/>\n<meta property=\"og:type\" content=\"article\" \/>\n<meta property=\"og:title\" content=\"&quot;tango&quot;, huile sur toile, 46 x 61 cm - Serge Krewiss\" \/>\n<meta property=\"og:description\" content=\"%\" \/>\n<meta property=\"og:url\" content=\"https:\/\/sergek.fr\/?page_id=700\" \/>\n<meta property=\"og:site_name\" content=\"Serge Krewiss\" \/>\n<meta property=\"article:modified_time\" content=\"2021-01-03T12:50:18+00:00\" \/>\n<meta property=\"og:image\" content=\"http:\/\/sergek.fr\/wp-content\/uploads\/2020\/05\/Sergek_Serge-Krewiss_Tango-777x1024.jpg\" \/>\n<meta name=\"twitter:card\" content=\"summary_large_image\" \/>\n<meta name=\"twitter:label1\" content=\"Dur\u00e9e de lecture estim\u00e9e\" \/>\n\t<meta name=\"twitter:data1\" content=\"1 minute\" \/>\n<script type=\"application\/ld+json\" class=\"yoast-schema-graph\">{\"@context\":\"https:\/\/schema.org\",\"@graph\":[{\"@type\":\"WebPage\",\"@id\":\"https:\/\/sergek.fr\/?page_id=700\",\"url\":\"https:\/\/sergek.fr\/?page_id=700\",\"name\":\"\\\"tango\\\", huile sur toile, 46 x 61 cm - Serge Krewiss\",\"isPartOf\":{\"@id\":\"https:\/\/sergek.fr\/#website\"},\"primaryImageOfPage\":{\"@id\":\"https:\/\/sergek.fr\/?page_id=700#primaryimage\"},\"image\":{\"@id\":\"https:\/\/sergek.fr\/?page_id=700#primaryimage\"},\"thumbnailUrl\":\"http:\/\/sergek.fr\/wp-content\/uploads\/2020\/05\/Sergek_Serge-Krewiss_Tango-777x1024.jpg\",\"datePublished\":\"2020-12-27T20:04:27+00:00\",\"dateModified\":\"2021-01-03T12:50:18+00:00\",\"description\":\"%\",\"breadcrumb\":{\"@id\":\"https:\/\/sergek.fr\/?page_id=700#breadcrumb\"},\"inLanguage\":\"fr-FR\",\"potentialAction\":[{\"@type\":\"ReadAction\",\"target\":[\"https:\/\/sergek.fr\/?page_id=700\"]}]},{\"@type\":\"ImageObject\",\"inLanguage\":\"fr-FR\",\"@id\":\"https:\/\/sergek.fr\/?page_id=700#primaryimage\",\"url\":\"http:\/\/sergek.fr\/wp-content\/uploads\/2020\/05\/Sergek_Serge-Krewiss_Tango-777x1024.jpg\",\"contentUrl\":\"http:\/\/sergek.fr\/wp-content\/uploads\/2020\/05\/Sergek_Serge-Krewiss_Tango-777x1024.jpg\"},{\"@type\":\"BreadcrumbList\",\"@id\":\"https:\/\/sergek.fr\/?page_id=700#breadcrumb\",\"itemListElement\":[{\"@type\":\"ListItem\",\"position\":1,\"name\":\"Accueil\",\"item\":\"https:\/\/sergek.fr\/\"},{\"@type\":\"ListItem\",\"position\":2,\"name\":\"\u00ab\u00a0tango\u00a0\u00bb, huile sur toile, 46 x 61 cm\"}]},{\"@type\":\"WebSite\",\"@id\":\"https:\/\/sergek.fr\/#website\",\"url\":\"https:\/\/sergek.fr\/\",\"name\":\"Serge Krewiss\",\"description\":\"BIENVENUE SUR LE SITE DE SERGE KREWISS\",\"potentialAction\":[{\"@type\":\"SearchAction\",\"target\":{\"@type\":\"EntryPoint\",\"urlTemplate\":\"https:\/\/sergek.fr\/?s={search_term_string}\"},\"query-input\":{\"@type\":\"PropertyValueSpecification\",\"valueRequired\":true,\"valueName\":\"search_term_string\"}}],\"inLanguage\":\"fr-FR\"}]}<\/script>\n<!-- \/ Yoast SEO plugin. -->","yoast_head_json":{"title":"\"tango\", huile sur toile, 46 x 61 cm - Serge Krewiss","description":"%","robots":{"index":"index","follow":"follow","max-snippet":"max-snippet:-1","max-image-preview":"max-image-preview:large","max-video-preview":"max-video-preview:-1"},"canonical":"https:\/\/sergek.fr\/?page_id=700","og_locale":"fr_FR","og_type":"article","og_title":"\"tango\", huile sur toile, 46 x 61 cm - Serge Krewiss","og_description":"%","og_url":"https:\/\/sergek.fr\/?page_id=700","og_site_name":"Serge Krewiss","article_modified_time":"2021-01-03T12:50:18+00:00","og_image":[{"url":"http:\/\/sergek.fr\/wp-content\/uploads\/2020\/05\/Sergek_Serge-Krewiss_Tango-777x1024.jpg","type":"","width":"","height":""}],"twitter_card":"summary_large_image","twitter_misc":{"Dur\u00e9e de lecture estim\u00e9e":"1 minute"},"schema":{"@context":"https:\/\/schema.org","@graph":[{"@type":"WebPage","@id":"https:\/\/sergek.fr\/?page_id=700","url":"https:\/\/sergek.fr\/?page_id=700","name":"\"tango\", huile sur toile, 46 x 61 cm - Serge Krewiss","isPartOf":{"@id":"https:\/\/sergek.fr\/#website"},"primaryImageOfPage":{"@id":"https:\/\/sergek.fr\/?page_id=700#primaryimage"},"image":{"@id":"https:\/\/sergek.fr\/?page_id=700#primaryimage"},"thumbnailUrl":"http:\/\/sergek.fr\/wp-content\/uploads\/2020\/05\/Sergek_Serge-Krewiss_Tango-777x1024.jpg","datePublished":"2020-12-27T20:04:27+00:00","dateModified":"2021-01-03T12:50:18+00:00","description":"%","breadcrumb":{"@id":"https:\/\/sergek.fr\/?page_id=700#breadcrumb"},"inLanguage":"fr-FR","potentialAction":[{"@type":"ReadAction","target":["https:\/\/sergek.fr\/?page_id=700"]}]},{"@type":"ImageObject","inLanguage":"fr-FR","@id":"https:\/\/sergek.fr\/?page_id=700#primaryimage","url":"http:\/\/sergek.fr\/wp-content\/uploads\/2020\/05\/Sergek_Serge-Krewiss_Tango-777x1024.jpg","contentUrl":"http:\/\/sergek.fr\/wp-content\/uploads\/2020\/05\/Sergek_Serge-Krewiss_Tango-777x1024.jpg"},{"@type":"BreadcrumbList","@id":"https:\/\/sergek.fr\/?page_id=700#breadcrumb","itemListElement":[{"@type":"ListItem","position":1,"name":"Accueil","item":"https:\/\/sergek.fr\/"},{"@type":"ListItem","position":2,"name":"\u00ab\u00a0tango\u00a0\u00bb, huile sur toile, 46 x 61 cm"}]},{"@type":"WebSite","@id":"https:\/\/sergek.fr\/#website","url":"https:\/\/sergek.fr\/","name":"Serge Krewiss","description":"BIENVENUE SUR LE SITE DE SERGE KREWISS","potentialAction":[{"@type":"SearchAction","target":{"@type":"EntryPoint","urlTemplate":"https:\/\/sergek.fr\/?s={search_term_string}"},"query-input":{"@type":"PropertyValueSpecification","valueRequired":true,"valueName":"search_term_string"}}],"inLanguage":"fr-FR"}]}},"_links":{"self":[{"href":"https:\/\/sergek.fr\/index.php?rest_route=\/wp\/v2\/pages\/700","targetHints":{"allow":["GET"]}}],"collection":[{"href":"https:\/\/sergek.fr\/index.php?rest_route=\/wp\/v2\/pages"}],"about":[{"href":"https:\/\/sergek.fr\/index.php?rest_route=\/wp\/v2\/types\/page"}],"author":[{"embeddable":true,"href":"https:\/\/sergek.fr\/index.php?rest_route=\/wp\/v2\/users\/1"}],"replies":[{"embeddable":true,"href":"https:\/\/sergek.fr\/index.php?rest_route=%2Fwp%2Fv2%2Fcomments&post=700"}],"version-history":[{"count":6,"href":"https:\/\/sergek.fr\/index.php?rest_route=\/wp\/v2\/pages\/700\/revisions"}],"predecessor-version":[{"id":990,"href":"https:\/\/sergek.fr\/index.php?rest_route=\/wp\/v2\/pages\/700\/revisions\/990"}],"wp:attachment":[{"href":"https:\/\/sergek.fr\/index.php?rest_route=%2Fwp%2Fv2%2Fmedia&parent=700"}],"curies":[{"name":"wp","href":"https:\/\/api.w.org\/{rel}","templated":true}]}}