{"id":562,"date":"2020-12-12T13:24:07","date_gmt":"2020-12-12T11:24:07","guid":{"rendered":"http:\/\/sergek.fr\/?page_id=562"},"modified":"2021-01-10T21:03:28","modified_gmt":"2021-01-10T19:03:28","slug":"demarche","status":"publish","type":"page","link":"https:\/\/sergek.fr\/?page_id=562","title":{"rendered":"d\u00e9marche"},"content":{"rendered":"\n<h3 class=\"wp-block-heading\">d\u00e9marche artistique de Serge Krewiss<\/h3>\n\n\n\n<p class=\"has-text-align-left\">Dans son travail, toujours, Serge Krewiss n\u2019a eu de cesse d\u2019explorer, de donner \u00e0 voir la lumi\u00e8re.<\/p>\n\n\n\n<p>Aujourd\u2019hui, Serge Krewiss peint des bouteilles d\u2019eau.<br>Le th\u00e8me de la bouteille lui est venu apr\u00e8s avoir peint une carafe \u00e0 vin. Ce travail ne lui procura aucun plaisir. Or \u00e0 c\u00f4t\u00e9 se trouvait une bouteille d\u2019eau en plastique. Objet d\u2019allure anodine, objet trivial et utilitaire mais qui regroupe \u00e0 lui seul plusieurs difficult\u00e9s majeures qui sont le travail de la lumi\u00e8re, de la transparence et du dessin. Ce fut une r\u00e9v\u00e9lation. Depuis Serge Krewiss creuse ce th\u00e8me in\u00e9puisable.<\/p>\n\n\n\n<p>L\u2019objectif de Serge est de raconter des histoires en donnant de la personnalit\u00e9 \u00e0 ces bouteilles d\u2019eau : pleines ou vides, \u00e9cras\u00e9es ou intactes, seules ou accompagn\u00e9es, les histoires qui en d\u00e9coulent chaque fois sont diff\u00e9rentes.<\/p>\n\n\n\n<p>Avec ses natures mortes \u00ab vivantes \u00bb de bouteilles d\u2019eau, qu\u2019il m\u00e9tamorphose en personnages \u00e9nigmatiques et silencieux, Serge Krewiss inscrit son travail dans la contemporan\u00e9it\u00e9 et l\u2019intemporel. Il est t\u00e9moin de notre \u00e9poque, il donne \u00e0 voir la po\u00e9sie du quotidien, et en m\u00eame temps, il s\u2019inscrit dans l\u2019histoire de l\u2019art par ses hommages \u00e0 d\u2019autres artistes ou ses r\u00e9f\u00e9rences \u00e0 de grandes \u0153uvres.<\/p>\n\n\n\n<p>&nbsp;Serge Krewiss ose peindre, glorifier et personnifier un objet ordinaire quand les artistes du pass\u00e9 utilisaient comme sujet des objets rares ou pr\u00e9cieux (des fruits exotiques, de l\u2019or, de l\u2019argent, des soieries, \u2026).<\/p>\n\n\n\n<p>Et si c\u2019\u00e9tait l\u2019eau, le contenu, qui devait \u00eatre consid\u00e9r\u00e9 comme pr\u00e9cieux et non le contenant&nbsp;?<br>Peut-\u00eatre Serge Krewiss veut-il nous faire voir au-del\u00e0 de ses bouteilles en plastique. Le plastique corrupteur envahit la plan\u00e8te, et l\u2019eau, source de vie et symbole de puret\u00e9, se rar\u00e9fie chaque jour davantage. Nous sommes confront\u00e9s \u00e0 cette ambivalence. Le contenant d\u00e9truit le contenu quand il semble le pr\u00e9server. Serge Krewiss raconte des histoires de malheureuses bouteilles de plastiques comme s\u2019il cherchait la lumi\u00e8re qui sauverait le monde.<\/p>\n\n\n\n<h3 class=\"wp-block-heading\"><span style=\"font-size: 18.72px;\"><\/h3>\n","protected":false},"excerpt":{"rendered":"<p>d\u00e9marche artistique de Serge Krewiss Dans son travail, toujours, Serge Krewiss n\u2019a eu de cesse d\u2019explorer, de donner \u00e0 voir la lumi\u00e8re. Aujourd\u2019hui, Serge Krewiss peint des bouteilles d\u2019eau.Le th\u00e8me [&hellip;]<\/p>\n","protected":false},"author":1,"featured_media":0,"parent":0,"menu_order":0,"comment_status":"closed","ping_status":"closed","template":"","meta":{"_acf_changed":false,"footnotes":""},"class_list":["post-562","page","type-page","status-publish","hentry"],"acf":[],"yoast_head":"<!-- This site is optimized with the Yoast SEO plugin v24.9 - https:\/\/yoast.com\/wordpress\/plugins\/seo\/ -->\n<title>d\u00e9marche - Serge Krewiss<\/title>\n<meta name=\"robots\" content=\"index, follow, max-snippet:-1, max-image-preview:large, max-video-preview:-1\" \/>\n<link rel=\"canonical\" href=\"https:\/\/sergek.fr\/?page_id=562\" \/>\n<meta property=\"og:locale\" content=\"fr_FR\" \/>\n<meta property=\"og:type\" content=\"article\" \/>\n<meta property=\"og:title\" content=\"d\u00e9marche - Serge Krewiss\" \/>\n<meta property=\"og:description\" content=\"d\u00e9marche artistique de Serge Krewiss Dans son travail, toujours, Serge Krewiss n\u2019a eu de cesse d\u2019explorer, de donner \u00e0 voir la lumi\u00e8re. Aujourd\u2019hui, Serge Krewiss peint des bouteilles d\u2019eau.Le th\u00e8me [&hellip;]\" \/>\n<meta property=\"og:url\" content=\"https:\/\/sergek.fr\/?page_id=562\" \/>\n<meta property=\"og:site_name\" content=\"Serge Krewiss\" \/>\n<meta property=\"article:modified_time\" content=\"2021-01-10T19:03:28+00:00\" \/>\n<meta name=\"twitter:card\" content=\"summary_large_image\" \/>\n<meta name=\"twitter:label1\" content=\"Dur\u00e9e de lecture estim\u00e9e\" \/>\n\t<meta name=\"twitter:data1\" content=\"2 minutes\" \/>\n<script type=\"application\/ld+json\" class=\"yoast-schema-graph\">{\"@context\":\"https:\/\/schema.org\",\"@graph\":[{\"@type\":\"WebPage\",\"@id\":\"https:\/\/sergek.fr\/?page_id=562\",\"url\":\"https:\/\/sergek.fr\/?page_id=562\",\"name\":\"d\u00e9marche - Serge Krewiss\",\"isPartOf\":{\"@id\":\"https:\/\/sergek.fr\/#website\"},\"datePublished\":\"2020-12-12T11:24:07+00:00\",\"dateModified\":\"2021-01-10T19:03:28+00:00\",\"breadcrumb\":{\"@id\":\"https:\/\/sergek.fr\/?page_id=562#breadcrumb\"},\"inLanguage\":\"fr-FR\",\"potentialAction\":[{\"@type\":\"ReadAction\",\"target\":[\"https:\/\/sergek.fr\/?page_id=562\"]}]},{\"@type\":\"BreadcrumbList\",\"@id\":\"https:\/\/sergek.fr\/?page_id=562#breadcrumb\",\"itemListElement\":[{\"@type\":\"ListItem\",\"position\":1,\"name\":\"Accueil\",\"item\":\"https:\/\/sergek.fr\/\"},{\"@type\":\"ListItem\",\"position\":2,\"name\":\"d\u00e9marche\"}]},{\"@type\":\"WebSite\",\"@id\":\"https:\/\/sergek.fr\/#website\",\"url\":\"https:\/\/sergek.fr\/\",\"name\":\"Serge Krewiss\",\"description\":\"BIENVENUE SUR LE SITE DE SERGE KREWISS\",\"potentialAction\":[{\"@type\":\"SearchAction\",\"target\":{\"@type\":\"EntryPoint\",\"urlTemplate\":\"https:\/\/sergek.fr\/?s={search_term_string}\"},\"query-input\":{\"@type\":\"PropertyValueSpecification\",\"valueRequired\":true,\"valueName\":\"search_term_string\"}}],\"inLanguage\":\"fr-FR\"}]}<\/script>\n<!-- \/ Yoast SEO plugin. -->","yoast_head_json":{"title":"d\u00e9marche - Serge Krewiss","robots":{"index":"index","follow":"follow","max-snippet":"max-snippet:-1","max-image-preview":"max-image-preview:large","max-video-preview":"max-video-preview:-1"},"canonical":"https:\/\/sergek.fr\/?page_id=562","og_locale":"fr_FR","og_type":"article","og_title":"d\u00e9marche - Serge Krewiss","og_description":"d\u00e9marche artistique de Serge Krewiss Dans son travail, toujours, Serge Krewiss n\u2019a eu de cesse d\u2019explorer, de donner \u00e0 voir la lumi\u00e8re. Aujourd\u2019hui, Serge Krewiss peint des bouteilles d\u2019eau.Le th\u00e8me [&hellip;]","og_url":"https:\/\/sergek.fr\/?page_id=562","og_site_name":"Serge Krewiss","article_modified_time":"2021-01-10T19:03:28+00:00","twitter_card":"summary_large_image","twitter_misc":{"Dur\u00e9e de lecture estim\u00e9e":"2 minutes"},"schema":{"@context":"https:\/\/schema.org","@graph":[{"@type":"WebPage","@id":"https:\/\/sergek.fr\/?page_id=562","url":"https:\/\/sergek.fr\/?page_id=562","name":"d\u00e9marche - Serge Krewiss","isPartOf":{"@id":"https:\/\/sergek.fr\/#website"},"datePublished":"2020-12-12T11:24:07+00:00","dateModified":"2021-01-10T19:03:28+00:00","breadcrumb":{"@id":"https:\/\/sergek.fr\/?page_id=562#breadcrumb"},"inLanguage":"fr-FR","potentialAction":[{"@type":"ReadAction","target":["https:\/\/sergek.fr\/?page_id=562"]}]},{"@type":"BreadcrumbList","@id":"https:\/\/sergek.fr\/?page_id=562#breadcrumb","itemListElement":[{"@type":"ListItem","position":1,"name":"Accueil","item":"https:\/\/sergek.fr\/"},{"@type":"ListItem","position":2,"name":"d\u00e9marche"}]},{"@type":"WebSite","@id":"https:\/\/sergek.fr\/#website","url":"https:\/\/sergek.fr\/","name":"Serge Krewiss","description":"BIENVENUE SUR LE SITE DE SERGE KREWISS","potentialAction":[{"@type":"SearchAction","target":{"@type":"EntryPoint","urlTemplate":"https:\/\/sergek.fr\/?s={search_term_string}"},"query-input":{"@type":"PropertyValueSpecification","valueRequired":true,"valueName":"search_term_string"}}],"inLanguage":"fr-FR"}]}},"_links":{"self":[{"href":"https:\/\/sergek.fr\/index.php?rest_route=\/wp\/v2\/pages\/562","targetHints":{"allow":["GET"]}}],"collection":[{"href":"https:\/\/sergek.fr\/index.php?rest_route=\/wp\/v2\/pages"}],"about":[{"href":"https:\/\/sergek.fr\/index.php?rest_route=\/wp\/v2\/types\/page"}],"author":[{"embeddable":true,"href":"https:\/\/sergek.fr\/index.php?rest_route=\/wp\/v2\/users\/1"}],"replies":[{"embeddable":true,"href":"https:\/\/sergek.fr\/index.php?rest_route=%2Fwp%2Fv2%2Fcomments&post=562"}],"version-history":[{"count":4,"href":"https:\/\/sergek.fr\/index.php?rest_route=\/wp\/v2\/pages\/562\/revisions"}],"predecessor-version":[{"id":1114,"href":"https:\/\/sergek.fr\/index.php?rest_route=\/wp\/v2\/pages\/562\/revisions\/1114"}],"wp:attachment":[{"href":"https:\/\/sergek.fr\/index.php?rest_route=%2Fwp%2Fv2%2Fmedia&parent=562"}],"curies":[{"name":"wp","href":"https:\/\/api.w.org\/{rel}","templated":true}]}}