{"id":46,"date":"2014-08-18T16:58:27","date_gmt":"2014-08-18T14:58:27","guid":{"rendered":"http:\/\/modernthemes.net\/demo\/business\/?page_id=46"},"modified":"2021-01-10T20:54:53","modified_gmt":"2021-01-10T18:54:53","slug":"fullwidth-page","status":"publish","type":"page","link":"https:\/\/sergek.fr\/?page_id=46","title":{"rendered":"accueil"},"content":{"rendered":"<p>N\u00e9 en 1971, Serge Krewiss a fait des \u00e9tudes sup\u00e9rieures d\u2019Arts Plastiques et d\u2019histoire de l\u2019Art \u00e0 La Sorbonne, \u00e0 Paris, o\u00f9 il vit actuellement.<\/p>\n<p><strong>Dans son travail, il n\u2019a eu de cesse d\u2019explorer, de donner \u00e0 voir la lumi\u00e8re.<\/strong><\/p>\n<p>A travers l\u2019artifice de bouteilles d\u2019eau en plastique, Serge Krewiss explore la trivialit\u00e9 de cette modernit\u00e9 qui dompte et corrompt la nature. L\u2019\u00e9motion de la lumi\u00e8re \u00e0 l\u2019\u00e9tat pur, la limpidit\u00e9 de l\u2019eau, d\u00e9multipli\u00e9e par la transparence, et les reflets. Saisissantes et saugrenues, ces bouteilles d\u2019eau, pos\u00e9es l\u00e0, seules ou \u00e0 plusieurs, pleines, ferm\u00e9es, muettes : transparence de ces monolithes \u00e9rig\u00e9s, improbables. D\u2019autres bouteilles gisant vides, \u00e9cras\u00e9es, concass\u00e9es, leur bouchon tomb\u00e9 non loin.<\/p>\n<p><strong><em>Dans ce site, vous trouverez l\u2019ensemble des \u00ab\u00a0bouteilles d\u2019eau\u00a0\u00bb de Serge Krewiss, class\u00e9es par th\u00e8me pour vous garantir une meilleure lisibilit\u00e9. Un compl\u00e9ment d\u2019information est pr\u00e9sent pour toutes les peintures disponibles. Vous trouverez les dates des prochains rendez-vous artistiques de l\u2019artiste et d\u2019autres informations qui vous permettront d\u2019entrer ais\u00e9ment dans son univers pictural.<\/em><\/strong><\/p>\n<p><strong><em>Tr\u00e8s bonne visite \u00e0 vous\u00a0!<br \/>N\u2019h\u00e9sitez pas \u00e0 le contacter\u00a0!<\/em><\/strong><\/p>\n\n\n<figure class=\"wp-block-image size-large\"><a href=\"https:\/\/sergek.fr\/wp-content\/uploads\/2020\/07\/Serge-Krewiss.jpg\"><img loading=\"lazy\" decoding=\"async\" width=\"904\" height=\"610\" src=\"https:\/\/sergek.fr\/wp-content\/uploads\/2020\/07\/Serge-Krewiss.jpg\" alt=\"\" class=\"wp-image-540\" srcset=\"https:\/\/sergek.fr\/wp-content\/uploads\/2020\/07\/Serge-Krewiss.jpg 904w, https:\/\/sergek.fr\/wp-content\/uploads\/2020\/07\/Serge-Krewiss-300x202.jpg 300w, https:\/\/sergek.fr\/wp-content\/uploads\/2020\/07\/Serge-Krewiss-768x518.jpg 768w\" sizes=\"auto, (max-width: 904px) 100vw, 904px\" \/><\/a><\/figure>\n","protected":false},"excerpt":{"rendered":"<p>N\u00e9 en 1971, Serge Krewiss a fait des \u00e9tudes sup\u00e9rieures d\u2019Arts Plastiques et d\u2019histoire de l\u2019Art \u00e0 La Sorbonne, \u00e0 Paris, o\u00f9 il vit actuellement. Dans son travail, il n\u2019a [&hellip;]<\/p>\n","protected":false},"author":1,"featured_media":0,"parent":0,"menu_order":0,"comment_status":"closed","ping_status":"closed","template":"page-fullwidth.php","meta":{"_acf_changed":false,"footnotes":""},"class_list":["post-46","page","type-page","status-publish","hentry"],"acf":[],"yoast_head":"<!-- This site is optimized with the Yoast SEO plugin v24.9 - https:\/\/yoast.com\/wordpress\/plugins\/seo\/ -->\n<title>accueil - Serge Krewiss<\/title>\n<meta name=\"robots\" content=\"index, follow, max-snippet:-1, max-image-preview:large, max-video-preview:-1\" \/>\n<link rel=\"canonical\" href=\"https:\/\/sergek.fr\/?page_id=46\" \/>\n<meta property=\"og:locale\" content=\"fr_FR\" \/>\n<meta property=\"og:type\" content=\"article\" \/>\n<meta property=\"og:title\" content=\"accueil - Serge Krewiss\" \/>\n<meta property=\"og:description\" content=\"N\u00e9 en 1971, Serge Krewiss a fait des \u00e9tudes sup\u00e9rieures d\u2019Arts Plastiques et d\u2019histoire de l\u2019Art \u00e0 La Sorbonne, \u00e0 Paris, o\u00f9 il vit actuellement. Dans son travail, il n\u2019a [&hellip;]\" \/>\n<meta property=\"og:url\" content=\"https:\/\/sergek.fr\/?page_id=46\" \/>\n<meta property=\"og:site_name\" content=\"Serge Krewiss\" \/>\n<meta property=\"article:modified_time\" content=\"2021-01-10T18:54:53+00:00\" \/>\n<meta property=\"og:image\" content=\"http:\/\/sergek.fr\/wp-content\/uploads\/2020\/07\/Serge-Krewiss.jpg\" \/>\n<meta name=\"twitter:card\" content=\"summary_large_image\" \/>\n<meta name=\"twitter:label1\" content=\"Dur\u00e9e de lecture estim\u00e9e\" \/>\n\t<meta name=\"twitter:data1\" content=\"1 minute\" \/>\n<script type=\"application\/ld+json\" class=\"yoast-schema-graph\">{\"@context\":\"https:\/\/schema.org\",\"@graph\":[{\"@type\":\"WebPage\",\"@id\":\"https:\/\/sergek.fr\/?page_id=46\",\"url\":\"https:\/\/sergek.fr\/?page_id=46\",\"name\":\"accueil - Serge Krewiss\",\"isPartOf\":{\"@id\":\"https:\/\/sergek.fr\/#website\"},\"primaryImageOfPage\":{\"@id\":\"https:\/\/sergek.fr\/?page_id=46#primaryimage\"},\"image\":{\"@id\":\"https:\/\/sergek.fr\/?page_id=46#primaryimage\"},\"thumbnailUrl\":\"http:\/\/sergek.fr\/wp-content\/uploads\/2020\/07\/Serge-Krewiss.jpg\",\"datePublished\":\"2014-08-18T14:58:27+00:00\",\"dateModified\":\"2021-01-10T18:54:53+00:00\",\"breadcrumb\":{\"@id\":\"https:\/\/sergek.fr\/?page_id=46#breadcrumb\"},\"inLanguage\":\"fr-FR\",\"potentialAction\":[{\"@type\":\"ReadAction\",\"target\":[\"https:\/\/sergek.fr\/?page_id=46\"]}]},{\"@type\":\"ImageObject\",\"inLanguage\":\"fr-FR\",\"@id\":\"https:\/\/sergek.fr\/?page_id=46#primaryimage\",\"url\":\"http:\/\/sergek.fr\/wp-content\/uploads\/2020\/07\/Serge-Krewiss.jpg\",\"contentUrl\":\"http:\/\/sergek.fr\/wp-content\/uploads\/2020\/07\/Serge-Krewiss.jpg\"},{\"@type\":\"BreadcrumbList\",\"@id\":\"https:\/\/sergek.fr\/?page_id=46#breadcrumb\",\"itemListElement\":[{\"@type\":\"ListItem\",\"position\":1,\"name\":\"Accueil\",\"item\":\"https:\/\/sergek.fr\/\"},{\"@type\":\"ListItem\",\"position\":2,\"name\":\"accueil\"}]},{\"@type\":\"WebSite\",\"@id\":\"https:\/\/sergek.fr\/#website\",\"url\":\"https:\/\/sergek.fr\/\",\"name\":\"Serge Krewiss\",\"description\":\"BIENVENUE SUR LE SITE DE SERGE KREWISS\",\"potentialAction\":[{\"@type\":\"SearchAction\",\"target\":{\"@type\":\"EntryPoint\",\"urlTemplate\":\"https:\/\/sergek.fr\/?s={search_term_string}\"},\"query-input\":{\"@type\":\"PropertyValueSpecification\",\"valueRequired\":true,\"valueName\":\"search_term_string\"}}],\"inLanguage\":\"fr-FR\"}]}<\/script>\n<!-- \/ Yoast SEO plugin. -->","yoast_head_json":{"title":"accueil - Serge Krewiss","robots":{"index":"index","follow":"follow","max-snippet":"max-snippet:-1","max-image-preview":"max-image-preview:large","max-video-preview":"max-video-preview:-1"},"canonical":"https:\/\/sergek.fr\/?page_id=46","og_locale":"fr_FR","og_type":"article","og_title":"accueil - Serge Krewiss","og_description":"N\u00e9 en 1971, Serge Krewiss a fait des \u00e9tudes sup\u00e9rieures d\u2019Arts Plastiques et d\u2019histoire de l\u2019Art \u00e0 La Sorbonne, \u00e0 Paris, o\u00f9 il vit actuellement. Dans son travail, il n\u2019a [&hellip;]","og_url":"https:\/\/sergek.fr\/?page_id=46","og_site_name":"Serge Krewiss","article_modified_time":"2021-01-10T18:54:53+00:00","og_image":[{"url":"http:\/\/sergek.fr\/wp-content\/uploads\/2020\/07\/Serge-Krewiss.jpg","type":"","width":"","height":""}],"twitter_card":"summary_large_image","twitter_misc":{"Dur\u00e9e de lecture estim\u00e9e":"1 minute"},"schema":{"@context":"https:\/\/schema.org","@graph":[{"@type":"WebPage","@id":"https:\/\/sergek.fr\/?page_id=46","url":"https:\/\/sergek.fr\/?page_id=46","name":"accueil - Serge Krewiss","isPartOf":{"@id":"https:\/\/sergek.fr\/#website"},"primaryImageOfPage":{"@id":"https:\/\/sergek.fr\/?page_id=46#primaryimage"},"image":{"@id":"https:\/\/sergek.fr\/?page_id=46#primaryimage"},"thumbnailUrl":"http:\/\/sergek.fr\/wp-content\/uploads\/2020\/07\/Serge-Krewiss.jpg","datePublished":"2014-08-18T14:58:27+00:00","dateModified":"2021-01-10T18:54:53+00:00","breadcrumb":{"@id":"https:\/\/sergek.fr\/?page_id=46#breadcrumb"},"inLanguage":"fr-FR","potentialAction":[{"@type":"ReadAction","target":["https:\/\/sergek.fr\/?page_id=46"]}]},{"@type":"ImageObject","inLanguage":"fr-FR","@id":"https:\/\/sergek.fr\/?page_id=46#primaryimage","url":"http:\/\/sergek.fr\/wp-content\/uploads\/2020\/07\/Serge-Krewiss.jpg","contentUrl":"http:\/\/sergek.fr\/wp-content\/uploads\/2020\/07\/Serge-Krewiss.jpg"},{"@type":"BreadcrumbList","@id":"https:\/\/sergek.fr\/?page_id=46#breadcrumb","itemListElement":[{"@type":"ListItem","position":1,"name":"Accueil","item":"https:\/\/sergek.fr\/"},{"@type":"ListItem","position":2,"name":"accueil"}]},{"@type":"WebSite","@id":"https:\/\/sergek.fr\/#website","url":"https:\/\/sergek.fr\/","name":"Serge Krewiss","description":"BIENVENUE SUR LE SITE DE SERGE KREWISS","potentialAction":[{"@type":"SearchAction","target":{"@type":"EntryPoint","urlTemplate":"https:\/\/sergek.fr\/?s={search_term_string}"},"query-input":{"@type":"PropertyValueSpecification","valueRequired":true,"valueName":"search_term_string"}}],"inLanguage":"fr-FR"}]}},"_links":{"self":[{"href":"https:\/\/sergek.fr\/index.php?rest_route=\/wp\/v2\/pages\/46","targetHints":{"allow":["GET"]}}],"collection":[{"href":"https:\/\/sergek.fr\/index.php?rest_route=\/wp\/v2\/pages"}],"about":[{"href":"https:\/\/sergek.fr\/index.php?rest_route=\/wp\/v2\/types\/page"}],"author":[{"embeddable":true,"href":"https:\/\/sergek.fr\/index.php?rest_route=\/wp\/v2\/users\/1"}],"replies":[{"embeddable":true,"href":"https:\/\/sergek.fr\/index.php?rest_route=%2Fwp%2Fv2%2Fcomments&post=46"}],"version-history":[{"count":12,"href":"https:\/\/sergek.fr\/index.php?rest_route=\/wp\/v2\/pages\/46\/revisions"}],"predecessor-version":[{"id":1113,"href":"https:\/\/sergek.fr\/index.php?rest_route=\/wp\/v2\/pages\/46\/revisions\/1113"}],"wp:attachment":[{"href":"https:\/\/sergek.fr\/index.php?rest_route=%2Fwp%2Fv2%2Fmedia&parent=46"}],"curies":[{"name":"wp","href":"https:\/\/api.w.org\/{rel}","templated":true}]}}