{"id":1099,"date":"2021-01-10T18:39:40","date_gmt":"2021-01-10T16:39:40","guid":{"rendered":"http:\/\/sergek.fr\/?page_id=1099"},"modified":"2021-01-10T18:40:47","modified_gmt":"2021-01-10T16:40:47","slug":"verre-deau-huile-sur-toile-85-x-117-cm","status":"publish","type":"page","link":"https:\/\/sergek.fr\/?page_id=1099","title":{"rendered":"\u00ab\u00a0verre d&rsquo;eau\u00a0\u00bb, huile sur toile, 85 x 117 cm"},"content":{"rendered":"\n<p>Trois bouteilles en plastique c\u00f4toient deux bouteilles en verre de couleurs grise et verte. Le bouchon de la bouteille en verre \u00e0 l\u2019arri\u00e8re-plan pend le long du goulot, il apparait en transparence derri\u00e8re la bouteille en verre du premier plan. Les tissus de soie re\u00e7oivent tous les verts<\/p>\n<p>Les reflets verts des lumi\u00e8res des bouteilles en verre soulignent les ombres et les plis des tissus de soie des ombres et d d\u00e9formations. Une bouteille a perdu son bouchon, il est tomb\u00e9 et surnage entre des vagues de tissu.<\/p>\n\n\n\n<p><strong>Ann\u00e9e de cr\u00e9ation : 2016<\/strong><\/p>\n\n\n\n<figure class=\"wp-block-image size-large\"><a href=\"https:\/\/sergek.fr\/wp-content\/uploads\/2016\/12\/Verre-deau.jpg\"><img loading=\"lazy\" decoding=\"async\" width=\"781\" height=\"1024\" src=\"https:\/\/sergek.fr\/wp-content\/uploads\/2016\/12\/Verre-deau-781x1024.jpg\" alt=\"Serge krewiss Verres d'eau\" class=\"wp-image-254\" srcset=\"https:\/\/sergek.fr\/wp-content\/uploads\/2016\/12\/Verre-deau-781x1024.jpg 781w, https:\/\/sergek.fr\/wp-content\/uploads\/2016\/12\/Verre-deau-229x300.jpg 229w, https:\/\/sergek.fr\/wp-content\/uploads\/2016\/12\/Verre-deau-768x1007.jpg 768w\" sizes=\"auto, (max-width: 781px) 100vw, 781px\" \/><\/a><figcaption><strong>\u00ab\u00a0Verres d\u2019eau\u00a0\u00bb,<\/strong> huile sur toile,<em> 85 x 117 cm<\/em><\/figcaption><\/figure>\n\n\n\n<p><strong>Mise en situation :<\/strong><\/p>\n\n\n\n<figure class=\"wp-block-image size-large\"><a href=\"https:\/\/sergek.fr\/wp-content\/uploads\/2021\/01\/Serge-Krewiss_verre-deau_interieur-scaled.jpg\"><img loading=\"lazy\" decoding=\"async\" width=\"731\" height=\"1024\" src=\"https:\/\/sergek.fr\/wp-content\/uploads\/2021\/01\/Serge-Krewiss_verre-deau_interieur-731x1024.jpg\" alt=\"\" class=\"wp-image-1089\" srcset=\"https:\/\/sergek.fr\/wp-content\/uploads\/2021\/01\/Serge-Krewiss_verre-deau_interieur-731x1024.jpg 731w, https:\/\/sergek.fr\/wp-content\/uploads\/2021\/01\/Serge-Krewiss_verre-deau_interieur-214x300.jpg 214w, https:\/\/sergek.fr\/wp-content\/uploads\/2021\/01\/Serge-Krewiss_verre-deau_interieur-768x1075.jpg 768w, https:\/\/sergek.fr\/wp-content\/uploads\/2021\/01\/Serge-Krewiss_verre-deau_interieur-1097x1536.jpg 1097w, https:\/\/sergek.fr\/wp-content\/uploads\/2021\/01\/Serge-Krewiss_verre-deau_interieur-1463x2048.jpg 1463w, https:\/\/sergek.fr\/wp-content\/uploads\/2021\/01\/Serge-Krewiss_verre-deau_interieur-scaled.jpg 1828w\" sizes=\"auto, (max-width: 731px) 100vw, 731px\" \/><\/a><\/figure>\n\n\n\n<p><strong>\u00ab\u00a0Verre d&rsquo;eau\u00a0\u00bb <\/strong>vous int\u00e9resse, <strong><a href=\"https:\/\/sergek.fr\/?page_id=49\">contactez-moi<\/a><\/strong><\/p>\n","protected":false},"excerpt":{"rendered":"<p>Trois bouteilles en plastique c\u00f4toient deux bouteilles en verre de couleurs grise et verte. Le bouchon de la bouteille en verre \u00e0 l\u2019arri\u00e8re-plan pend le long du goulot, il apparait [&hellip;]<\/p>\n","protected":false},"author":1,"featured_media":0,"parent":0,"menu_order":0,"comment_status":"closed","ping_status":"closed","template":"","meta":{"_acf_changed":false,"footnotes":""},"class_list":["post-1099","page","type-page","status-publish","hentry"],"acf":[],"yoast_head":"<!-- This site is optimized with the Yoast SEO plugin v24.9 - https:\/\/yoast.com\/wordpress\/plugins\/seo\/ -->\n<title>&quot;verre d&#039;eau&quot;, huile sur toile, 85 x 117 cm - Serge Krewiss<\/title>\n<meta name=\"description\" content=\"%\" \/>\n<meta name=\"robots\" content=\"index, follow, max-snippet:-1, max-image-preview:large, max-video-preview:-1\" \/>\n<link rel=\"canonical\" href=\"https:\/\/sergek.fr\/?page_id=1099\" \/>\n<meta property=\"og:locale\" content=\"fr_FR\" \/>\n<meta property=\"og:type\" content=\"article\" \/>\n<meta property=\"og:title\" content=\"&quot;verre d&#039;eau&quot;, huile sur toile, 85 x 117 cm - Serge Krewiss\" \/>\n<meta property=\"og:description\" content=\"%\" \/>\n<meta property=\"og:url\" content=\"https:\/\/sergek.fr\/?page_id=1099\" \/>\n<meta property=\"og:site_name\" content=\"Serge Krewiss\" \/>\n<meta property=\"article:modified_time\" content=\"2021-01-10T16:40:47+00:00\" \/>\n<meta property=\"og:image\" content=\"http:\/\/sergek.fr\/wp-content\/uploads\/2016\/12\/Verre-deau-781x1024.jpg\" \/>\n<meta name=\"twitter:card\" content=\"summary_large_image\" \/>\n<meta name=\"twitter:label1\" content=\"Dur\u00e9e de lecture estim\u00e9e\" \/>\n\t<meta name=\"twitter:data1\" content=\"1 minute\" \/>\n<script type=\"application\/ld+json\" class=\"yoast-schema-graph\">{\"@context\":\"https:\/\/schema.org\",\"@graph\":[{\"@type\":\"WebPage\",\"@id\":\"https:\/\/sergek.fr\/?page_id=1099\",\"url\":\"https:\/\/sergek.fr\/?page_id=1099\",\"name\":\"\\\"verre d'eau\\\", huile sur toile, 85 x 117 cm - Serge Krewiss\",\"isPartOf\":{\"@id\":\"https:\/\/sergek.fr\/#website\"},\"primaryImageOfPage\":{\"@id\":\"https:\/\/sergek.fr\/?page_id=1099#primaryimage\"},\"image\":{\"@id\":\"https:\/\/sergek.fr\/?page_id=1099#primaryimage\"},\"thumbnailUrl\":\"http:\/\/sergek.fr\/wp-content\/uploads\/2016\/12\/Verre-deau-781x1024.jpg\",\"datePublished\":\"2021-01-10T16:39:40+00:00\",\"dateModified\":\"2021-01-10T16:40:47+00:00\",\"description\":\"%\",\"breadcrumb\":{\"@id\":\"https:\/\/sergek.fr\/?page_id=1099#breadcrumb\"},\"inLanguage\":\"fr-FR\",\"potentialAction\":[{\"@type\":\"ReadAction\",\"target\":[\"https:\/\/sergek.fr\/?page_id=1099\"]}]},{\"@type\":\"ImageObject\",\"inLanguage\":\"fr-FR\",\"@id\":\"https:\/\/sergek.fr\/?page_id=1099#primaryimage\",\"url\":\"http:\/\/sergek.fr\/wp-content\/uploads\/2016\/12\/Verre-deau-781x1024.jpg\",\"contentUrl\":\"http:\/\/sergek.fr\/wp-content\/uploads\/2016\/12\/Verre-deau-781x1024.jpg\"},{\"@type\":\"BreadcrumbList\",\"@id\":\"https:\/\/sergek.fr\/?page_id=1099#breadcrumb\",\"itemListElement\":[{\"@type\":\"ListItem\",\"position\":1,\"name\":\"Accueil\",\"item\":\"https:\/\/sergek.fr\/\"},{\"@type\":\"ListItem\",\"position\":2,\"name\":\"\u00ab\u00a0verre d&rsquo;eau\u00a0\u00bb, huile sur toile, 85 x 117 cm\"}]},{\"@type\":\"WebSite\",\"@id\":\"https:\/\/sergek.fr\/#website\",\"url\":\"https:\/\/sergek.fr\/\",\"name\":\"Serge Krewiss\",\"description\":\"BIENVENUE SUR LE SITE DE SERGE KREWISS\",\"potentialAction\":[{\"@type\":\"SearchAction\",\"target\":{\"@type\":\"EntryPoint\",\"urlTemplate\":\"https:\/\/sergek.fr\/?s={search_term_string}\"},\"query-input\":{\"@type\":\"PropertyValueSpecification\",\"valueRequired\":true,\"valueName\":\"search_term_string\"}}],\"inLanguage\":\"fr-FR\"}]}<\/script>\n<!-- \/ Yoast SEO plugin. -->","yoast_head_json":{"title":"\"verre d'eau\", huile sur toile, 85 x 117 cm - Serge Krewiss","description":"%","robots":{"index":"index","follow":"follow","max-snippet":"max-snippet:-1","max-image-preview":"max-image-preview:large","max-video-preview":"max-video-preview:-1"},"canonical":"https:\/\/sergek.fr\/?page_id=1099","og_locale":"fr_FR","og_type":"article","og_title":"\"verre d'eau\", huile sur toile, 85 x 117 cm - Serge Krewiss","og_description":"%","og_url":"https:\/\/sergek.fr\/?page_id=1099","og_site_name":"Serge Krewiss","article_modified_time":"2021-01-10T16:40:47+00:00","og_image":[{"url":"http:\/\/sergek.fr\/wp-content\/uploads\/2016\/12\/Verre-deau-781x1024.jpg","type":"","width":"","height":""}],"twitter_card":"summary_large_image","twitter_misc":{"Dur\u00e9e de lecture estim\u00e9e":"1 minute"},"schema":{"@context":"https:\/\/schema.org","@graph":[{"@type":"WebPage","@id":"https:\/\/sergek.fr\/?page_id=1099","url":"https:\/\/sergek.fr\/?page_id=1099","name":"\"verre d'eau\", huile sur toile, 85 x 117 cm - Serge Krewiss","isPartOf":{"@id":"https:\/\/sergek.fr\/#website"},"primaryImageOfPage":{"@id":"https:\/\/sergek.fr\/?page_id=1099#primaryimage"},"image":{"@id":"https:\/\/sergek.fr\/?page_id=1099#primaryimage"},"thumbnailUrl":"http:\/\/sergek.fr\/wp-content\/uploads\/2016\/12\/Verre-deau-781x1024.jpg","datePublished":"2021-01-10T16:39:40+00:00","dateModified":"2021-01-10T16:40:47+00:00","description":"%","breadcrumb":{"@id":"https:\/\/sergek.fr\/?page_id=1099#breadcrumb"},"inLanguage":"fr-FR","potentialAction":[{"@type":"ReadAction","target":["https:\/\/sergek.fr\/?page_id=1099"]}]},{"@type":"ImageObject","inLanguage":"fr-FR","@id":"https:\/\/sergek.fr\/?page_id=1099#primaryimage","url":"http:\/\/sergek.fr\/wp-content\/uploads\/2016\/12\/Verre-deau-781x1024.jpg","contentUrl":"http:\/\/sergek.fr\/wp-content\/uploads\/2016\/12\/Verre-deau-781x1024.jpg"},{"@type":"BreadcrumbList","@id":"https:\/\/sergek.fr\/?page_id=1099#breadcrumb","itemListElement":[{"@type":"ListItem","position":1,"name":"Accueil","item":"https:\/\/sergek.fr\/"},{"@type":"ListItem","position":2,"name":"\u00ab\u00a0verre d&rsquo;eau\u00a0\u00bb, huile sur toile, 85 x 117 cm"}]},{"@type":"WebSite","@id":"https:\/\/sergek.fr\/#website","url":"https:\/\/sergek.fr\/","name":"Serge Krewiss","description":"BIENVENUE SUR LE SITE DE SERGE KREWISS","potentialAction":[{"@type":"SearchAction","target":{"@type":"EntryPoint","urlTemplate":"https:\/\/sergek.fr\/?s={search_term_string}"},"query-input":{"@type":"PropertyValueSpecification","valueRequired":true,"valueName":"search_term_string"}}],"inLanguage":"fr-FR"}]}},"_links":{"self":[{"href":"https:\/\/sergek.fr\/index.php?rest_route=\/wp\/v2\/pages\/1099","targetHints":{"allow":["GET"]}}],"collection":[{"href":"https:\/\/sergek.fr\/index.php?rest_route=\/wp\/v2\/pages"}],"about":[{"href":"https:\/\/sergek.fr\/index.php?rest_route=\/wp\/v2\/types\/page"}],"author":[{"embeddable":true,"href":"https:\/\/sergek.fr\/index.php?rest_route=\/wp\/v2\/users\/1"}],"replies":[{"embeddable":true,"href":"https:\/\/sergek.fr\/index.php?rest_route=%2Fwp%2Fv2%2Fcomments&post=1099"}],"version-history":[{"count":2,"href":"https:\/\/sergek.fr\/index.php?rest_route=\/wp\/v2\/pages\/1099\/revisions"}],"predecessor-version":[{"id":1101,"href":"https:\/\/sergek.fr\/index.php?rest_route=\/wp\/v2\/pages\/1099\/revisions\/1101"}],"wp:attachment":[{"href":"https:\/\/sergek.fr\/index.php?rest_route=%2Fwp%2Fv2%2Fmedia&parent=1099"}],"curies":[{"name":"wp","href":"https:\/\/api.w.org\/{rel}","templated":true}]}}