{"id":1095,"date":"2021-01-10T18:34:23","date_gmt":"2021-01-10T16:34:23","guid":{"rendered":"http:\/\/sergek.fr\/?page_id=1095"},"modified":"2021-01-10T18:44:35","modified_gmt":"2021-01-10T16:44:35","slug":"histoire-de-famille-huile-sur-toile-81-x-116-cm","status":"publish","type":"page","link":"https:\/\/sergek.fr\/?page_id=1095","title":{"rendered":"\u00ab\u00a0histoire de famille\u00a0\u00bb, huile sur toile, 81 x 117 cm"},"content":{"rendered":"\n<p>Trois bouteilles d&rsquo;eau de Vittel pleines pos\u00e9es sur des napperons et de la dentelle r\u00e9alis\u00e9e au crochet de la Grand-m\u00e8re de l\u2019artiste. Un po\u00ealon et un gobelet en cuivre, une cruche en laiton, de la cuisine d\u2019une tante du peintre. L&rsquo;id\u00e9e est de mettre en pr\u00e9sence deux \u00e9poques deux cultures, tout en s&rsquo;inscrivant dans la contemporan\u00e9it\u00e9.\u00a0 Histoire d\u2019une famille.<\/p>\n\n\n\n<p><strong>Ann\u00e9e de cr\u00e9ation : 2017<\/strong><\/p>\n\n\n\n<figure class=\"wp-block-image size-large\"><a href=\"https:\/\/sergek.fr\/wp-content\/uploads\/2017\/04\/Serge-Krewiss-Histoire-De-Famille.jpg\"><img loading=\"lazy\" decoding=\"async\" width=\"788\" height=\"1024\" src=\"https:\/\/sergek.fr\/wp-content\/uploads\/2017\/04\/Serge-Krewiss-Histoire-De-Famille-788x1024.jpg\" alt=\"Histoire de Famille\" class=\"wp-image-268\" srcset=\"https:\/\/sergek.fr\/wp-content\/uploads\/2017\/04\/Serge-Krewiss-Histoire-De-Famille-788x1024.jpg 788w, https:\/\/sergek.fr\/wp-content\/uploads\/2017\/04\/Serge-Krewiss-Histoire-De-Famille-231x300.jpg 231w, https:\/\/sergek.fr\/wp-content\/uploads\/2017\/04\/Serge-Krewiss-Histoire-De-Famille-768x998.jpg 768w\" sizes=\"auto, (max-width: 788px) 100vw, 788px\" \/><\/a><figcaption><strong>\u00ab\u00a0Histoire de famille\u00a0\u00bb,<\/strong> huile sur toile, <em>81 x 117 cm<\/em><\/figcaption><\/figure>\n\n\n\n<p><strong>Mises en situation :<\/strong><\/p>\n\n\n\n<figure class=\"wp-block-image size-large\"><a href=\"https:\/\/sergek.fr\/wp-content\/uploads\/2021\/01\/Serge-Krewiss_Histoire-de-famille_Interieur-scaled.jpg\"><img loading=\"lazy\" decoding=\"async\" width=\"614\" height=\"1024\" src=\"https:\/\/sergek.fr\/wp-content\/uploads\/2021\/01\/Serge-Krewiss_Histoire-de-famille_Interieur-614x1024.jpg\" alt=\"\" class=\"wp-image-1088\" srcset=\"https:\/\/sergek.fr\/wp-content\/uploads\/2021\/01\/Serge-Krewiss_Histoire-de-famille_Interieur-614x1024.jpg 614w, https:\/\/sergek.fr\/wp-content\/uploads\/2021\/01\/Serge-Krewiss_Histoire-de-famille_Interieur-180x300.jpg 180w, https:\/\/sergek.fr\/wp-content\/uploads\/2021\/01\/Serge-Krewiss_Histoire-de-famille_Interieur-768x1281.jpg 768w, https:\/\/sergek.fr\/wp-content\/uploads\/2021\/01\/Serge-Krewiss_Histoire-de-famille_Interieur-921x1536.jpg 921w, https:\/\/sergek.fr\/wp-content\/uploads\/2021\/01\/Serge-Krewiss_Histoire-de-famille_Interieur-1227x2048.jpg 1227w, https:\/\/sergek.fr\/wp-content\/uploads\/2021\/01\/Serge-Krewiss_Histoire-de-famille_Interieur-scaled.jpg 1534w\" sizes=\"auto, (max-width: 614px) 100vw, 614px\" \/><\/a><\/figure>\n\n\n\n<p><strong>\u00ab\u00a0Histoire de famille\u00a0\u00bb<\/strong>&nbsp;vous int\u00e9resse, <strong><a href=\"https:\/\/sergek.fr\/?page_id=49\">contactez-moi<\/a><\/strong><\/p>\n","protected":false},"excerpt":{"rendered":"<p>Trois bouteilles d&rsquo;eau de Vittel pleines pos\u00e9es sur des napperons et de la dentelle r\u00e9alis\u00e9e au crochet de la Grand-m\u00e8re de l\u2019artiste. Un po\u00ealon et un gobelet en cuivre, une [&hellip;]<\/p>\n","protected":false},"author":1,"featured_media":0,"parent":0,"menu_order":0,"comment_status":"closed","ping_status":"closed","template":"","meta":{"_acf_changed":false,"footnotes":""},"class_list":["post-1095","page","type-page","status-publish","hentry"],"acf":[],"yoast_head":"<!-- This site is optimized with the Yoast SEO plugin v24.9 - https:\/\/yoast.com\/wordpress\/plugins\/seo\/ -->\n<title>&quot;histoire de famille&quot;, huile sur toile, 81 x 117 cm - Serge Krewiss<\/title>\n<meta name=\"description\" content=\"%\" \/>\n<meta name=\"robots\" content=\"index, follow, max-snippet:-1, max-image-preview:large, max-video-preview:-1\" \/>\n<link rel=\"canonical\" href=\"https:\/\/sergek.fr\/?page_id=1095\" \/>\n<meta property=\"og:locale\" content=\"fr_FR\" \/>\n<meta property=\"og:type\" content=\"article\" \/>\n<meta property=\"og:title\" content=\"&quot;histoire de famille&quot;, huile sur toile, 81 x 117 cm - Serge Krewiss\" \/>\n<meta property=\"og:description\" content=\"%\" \/>\n<meta property=\"og:url\" content=\"https:\/\/sergek.fr\/?page_id=1095\" \/>\n<meta property=\"og:site_name\" content=\"Serge Krewiss\" \/>\n<meta property=\"article:modified_time\" content=\"2021-01-10T16:44:35+00:00\" \/>\n<meta property=\"og:image\" content=\"http:\/\/sergek.fr\/wp-content\/uploads\/2017\/04\/Serge-Krewiss-Histoire-De-Famille-788x1024.jpg\" \/>\n<meta name=\"twitter:card\" content=\"summary_large_image\" \/>\n<script type=\"application\/ld+json\" class=\"yoast-schema-graph\">{\"@context\":\"https:\/\/schema.org\",\"@graph\":[{\"@type\":\"WebPage\",\"@id\":\"https:\/\/sergek.fr\/?page_id=1095\",\"url\":\"https:\/\/sergek.fr\/?page_id=1095\",\"name\":\"\\\"histoire de famille\\\", huile sur toile, 81 x 117 cm - Serge Krewiss\",\"isPartOf\":{\"@id\":\"https:\/\/sergek.fr\/#website\"},\"primaryImageOfPage\":{\"@id\":\"https:\/\/sergek.fr\/?page_id=1095#primaryimage\"},\"image\":{\"@id\":\"https:\/\/sergek.fr\/?page_id=1095#primaryimage\"},\"thumbnailUrl\":\"http:\/\/sergek.fr\/wp-content\/uploads\/2017\/04\/Serge-Krewiss-Histoire-De-Famille-788x1024.jpg\",\"datePublished\":\"2021-01-10T16:34:23+00:00\",\"dateModified\":\"2021-01-10T16:44:35+00:00\",\"description\":\"%\",\"breadcrumb\":{\"@id\":\"https:\/\/sergek.fr\/?page_id=1095#breadcrumb\"},\"inLanguage\":\"fr-FR\",\"potentialAction\":[{\"@type\":\"ReadAction\",\"target\":[\"https:\/\/sergek.fr\/?page_id=1095\"]}]},{\"@type\":\"ImageObject\",\"inLanguage\":\"fr-FR\",\"@id\":\"https:\/\/sergek.fr\/?page_id=1095#primaryimage\",\"url\":\"http:\/\/sergek.fr\/wp-content\/uploads\/2017\/04\/Serge-Krewiss-Histoire-De-Famille-788x1024.jpg\",\"contentUrl\":\"http:\/\/sergek.fr\/wp-content\/uploads\/2017\/04\/Serge-Krewiss-Histoire-De-Famille-788x1024.jpg\"},{\"@type\":\"BreadcrumbList\",\"@id\":\"https:\/\/sergek.fr\/?page_id=1095#breadcrumb\",\"itemListElement\":[{\"@type\":\"ListItem\",\"position\":1,\"name\":\"Accueil\",\"item\":\"https:\/\/sergek.fr\/\"},{\"@type\":\"ListItem\",\"position\":2,\"name\":\"\u00ab\u00a0histoire de famille\u00a0\u00bb, huile sur toile, 81 x 117 cm\"}]},{\"@type\":\"WebSite\",\"@id\":\"https:\/\/sergek.fr\/#website\",\"url\":\"https:\/\/sergek.fr\/\",\"name\":\"Serge Krewiss\",\"description\":\"BIENVENUE SUR LE SITE DE SERGE KREWISS\",\"potentialAction\":[{\"@type\":\"SearchAction\",\"target\":{\"@type\":\"EntryPoint\",\"urlTemplate\":\"https:\/\/sergek.fr\/?s={search_term_string}\"},\"query-input\":{\"@type\":\"PropertyValueSpecification\",\"valueRequired\":true,\"valueName\":\"search_term_string\"}}],\"inLanguage\":\"fr-FR\"}]}<\/script>\n<!-- \/ Yoast SEO plugin. -->","yoast_head_json":{"title":"\"histoire de famille\", huile sur toile, 81 x 117 cm - Serge Krewiss","description":"%","robots":{"index":"index","follow":"follow","max-snippet":"max-snippet:-1","max-image-preview":"max-image-preview:large","max-video-preview":"max-video-preview:-1"},"canonical":"https:\/\/sergek.fr\/?page_id=1095","og_locale":"fr_FR","og_type":"article","og_title":"\"histoire de famille\", huile sur toile, 81 x 117 cm - Serge Krewiss","og_description":"%","og_url":"https:\/\/sergek.fr\/?page_id=1095","og_site_name":"Serge Krewiss","article_modified_time":"2021-01-10T16:44:35+00:00","og_image":[{"url":"http:\/\/sergek.fr\/wp-content\/uploads\/2017\/04\/Serge-Krewiss-Histoire-De-Famille-788x1024.jpg","type":"","width":"","height":""}],"twitter_card":"summary_large_image","schema":{"@context":"https:\/\/schema.org","@graph":[{"@type":"WebPage","@id":"https:\/\/sergek.fr\/?page_id=1095","url":"https:\/\/sergek.fr\/?page_id=1095","name":"\"histoire de famille\", huile sur toile, 81 x 117 cm - Serge Krewiss","isPartOf":{"@id":"https:\/\/sergek.fr\/#website"},"primaryImageOfPage":{"@id":"https:\/\/sergek.fr\/?page_id=1095#primaryimage"},"image":{"@id":"https:\/\/sergek.fr\/?page_id=1095#primaryimage"},"thumbnailUrl":"http:\/\/sergek.fr\/wp-content\/uploads\/2017\/04\/Serge-Krewiss-Histoire-De-Famille-788x1024.jpg","datePublished":"2021-01-10T16:34:23+00:00","dateModified":"2021-01-10T16:44:35+00:00","description":"%","breadcrumb":{"@id":"https:\/\/sergek.fr\/?page_id=1095#breadcrumb"},"inLanguage":"fr-FR","potentialAction":[{"@type":"ReadAction","target":["https:\/\/sergek.fr\/?page_id=1095"]}]},{"@type":"ImageObject","inLanguage":"fr-FR","@id":"https:\/\/sergek.fr\/?page_id=1095#primaryimage","url":"http:\/\/sergek.fr\/wp-content\/uploads\/2017\/04\/Serge-Krewiss-Histoire-De-Famille-788x1024.jpg","contentUrl":"http:\/\/sergek.fr\/wp-content\/uploads\/2017\/04\/Serge-Krewiss-Histoire-De-Famille-788x1024.jpg"},{"@type":"BreadcrumbList","@id":"https:\/\/sergek.fr\/?page_id=1095#breadcrumb","itemListElement":[{"@type":"ListItem","position":1,"name":"Accueil","item":"https:\/\/sergek.fr\/"},{"@type":"ListItem","position":2,"name":"\u00ab\u00a0histoire de famille\u00a0\u00bb, huile sur toile, 81 x 117 cm"}]},{"@type":"WebSite","@id":"https:\/\/sergek.fr\/#website","url":"https:\/\/sergek.fr\/","name":"Serge Krewiss","description":"BIENVENUE SUR LE SITE DE SERGE KREWISS","potentialAction":[{"@type":"SearchAction","target":{"@type":"EntryPoint","urlTemplate":"https:\/\/sergek.fr\/?s={search_term_string}"},"query-input":{"@type":"PropertyValueSpecification","valueRequired":true,"valueName":"search_term_string"}}],"inLanguage":"fr-FR"}]}},"_links":{"self":[{"href":"https:\/\/sergek.fr\/index.php?rest_route=\/wp\/v2\/pages\/1095","targetHints":{"allow":["GET"]}}],"collection":[{"href":"https:\/\/sergek.fr\/index.php?rest_route=\/wp\/v2\/pages"}],"about":[{"href":"https:\/\/sergek.fr\/index.php?rest_route=\/wp\/v2\/types\/page"}],"author":[{"embeddable":true,"href":"https:\/\/sergek.fr\/index.php?rest_route=\/wp\/v2\/users\/1"}],"replies":[{"embeddable":true,"href":"https:\/\/sergek.fr\/index.php?rest_route=%2Fwp%2Fv2%2Fcomments&post=1095"}],"version-history":[{"count":3,"href":"https:\/\/sergek.fr\/index.php?rest_route=\/wp\/v2\/pages\/1095\/revisions"}],"predecessor-version":[{"id":1103,"href":"https:\/\/sergek.fr\/index.php?rest_route=\/wp\/v2\/pages\/1095\/revisions\/1103"}],"wp:attachment":[{"href":"https:\/\/sergek.fr\/index.php?rest_route=%2Fwp%2Fv2%2Fmedia&parent=1095"}],"curies":[{"name":"wp","href":"https:\/\/api.w.org\/{rel}","templated":true}]}}