{"id":1077,"date":"2021-01-10T13:21:42","date_gmt":"2021-01-10T11:21:42","guid":{"rendered":"http:\/\/sergek.fr\/?page_id=1077"},"modified":"2021-01-10T13:40:21","modified_gmt":"2021-01-10T11:40:21","slug":"shibari-huile-sur-toile-46-x-55-cm","status":"publish","type":"page","link":"https:\/\/sergek.fr\/?page_id=1077","title":{"rendered":"\u00ab\u00a0shibari\u00a0\u00bb, huile sur toile, 46 x 55 cm"},"content":{"rendered":"\n<p>Serge Krewiss a voulu, dans sa toile \u00ab Shibari \u00bb, mettre \u00e0 l\u2019honneur cet art japonais qui implique d&rsquo;attacher une personne en utilisant des figures g\u00e9om\u00e9triques \u00e0 l&rsquo;aide d&rsquo;une cordelette. Pour cela, une bouteille \u00e0 bouchon rouge est suspendue et entrav\u00e9e par un tendeur vert. Malgr\u00e9 le d\u00e9s\u00e9quilibre, la stabilit\u00e9 est induite par le sol en soie rouge. Les napperons du sol et du fond r\u00e9pondent \u00e0 la complexit\u00e9 des n\u0153uds de shibari et adoucissent par leur luminosit\u00e9 la soie marron tourment\u00e9e.<\/p>\n\n\n\n<p><strong>Ann\u00e9e de cr\u00e9ation : 2020<\/strong><\/p>\n\n\n\n<figure class=\"wp-block-image size-large\"><a href=\"https:\/\/sergek.fr\/wp-content\/uploads\/2020\/12\/Sergek_Serge-Krewiss_Shibari-scaled.jpg\"><img loading=\"lazy\" decoding=\"async\" width=\"860\" height=\"1024\" src=\"https:\/\/sergek.fr\/wp-content\/uploads\/2020\/12\/Sergek_Serge-Krewiss_Shibari-860x1024.jpg\" alt=\"\" class=\"wp-image-867\" srcset=\"https:\/\/sergek.fr\/wp-content\/uploads\/2020\/12\/Sergek_Serge-Krewiss_Shibari-860x1024.jpg 860w, https:\/\/sergek.fr\/wp-content\/uploads\/2020\/12\/Sergek_Serge-Krewiss_Shibari-252x300.jpg 252w, https:\/\/sergek.fr\/wp-content\/uploads\/2020\/12\/Sergek_Serge-Krewiss_Shibari-768x915.jpg 768w, https:\/\/sergek.fr\/wp-content\/uploads\/2020\/12\/Sergek_Serge-Krewiss_Shibari-1289x1536.jpg 1289w, https:\/\/sergek.fr\/wp-content\/uploads\/2020\/12\/Sergek_Serge-Krewiss_Shibari-1719x2048.jpg 1719w\" sizes=\"auto, (max-width: 860px) 100vw, 860px\" \/><\/a><figcaption><strong>\u00ab\u00a0Shibari\u00a0\u00bb<\/strong>, huile sur toile, <em>46 x 55 cm.<\/em><\/figcaption><\/figure>\n\n\n\n<p><strong>Mise en situation :<\/strong><\/p>\n\n\n\n<figure class=\"wp-block-image size-large\"><a href=\"https:\/\/sergek.fr\/wp-content\/uploads\/2021\/01\/Serge-Krewiss_Shibari-scaled.jpg\"><img loading=\"lazy\" decoding=\"async\" width=\"683\" height=\"1024\" src=\"https:\/\/sergek.fr\/wp-content\/uploads\/2021\/01\/Serge-Krewiss_Shibari-683x1024.jpg\" alt=\"\" class=\"wp-image-1078\" srcset=\"https:\/\/sergek.fr\/wp-content\/uploads\/2021\/01\/Serge-Krewiss_Shibari-683x1024.jpg 683w, https:\/\/sergek.fr\/wp-content\/uploads\/2021\/01\/Serge-Krewiss_Shibari-200x300.jpg 200w, https:\/\/sergek.fr\/wp-content\/uploads\/2021\/01\/Serge-Krewiss_Shibari-768x1152.jpg 768w, https:\/\/sergek.fr\/wp-content\/uploads\/2021\/01\/Serge-Krewiss_Shibari-1024x1536.jpg 1024w, https:\/\/sergek.fr\/wp-content\/uploads\/2021\/01\/Serge-Krewiss_Shibari-1365x2048.jpg 1365w, https:\/\/sergek.fr\/wp-content\/uploads\/2021\/01\/Serge-Krewiss_Shibari-scaled.jpg 1707w\" sizes=\"auto, (max-width: 683px) 100vw, 683px\" \/><\/a><\/figure>\n\n\n\n<p><strong>\u00ab\u00a0Shibari\u00a0\u00bb<\/strong>\u00a0vous int\u00e9resse, <strong><a href=\"https:\/\/sergek.fr\/?page_id=49\">contactez-moi<\/a><\/strong><\/p>\n","protected":false},"excerpt":{"rendered":"<p>Serge Krewiss a voulu, dans sa toile \u00ab Shibari \u00bb, mettre \u00e0 l\u2019honneur cet art japonais qui implique d&rsquo;attacher une personne en utilisant des figures g\u00e9om\u00e9triques \u00e0 l&rsquo;aide d&rsquo;une cordelette. [&hellip;]<\/p>\n","protected":false},"author":1,"featured_media":0,"parent":0,"menu_order":0,"comment_status":"closed","ping_status":"closed","template":"","meta":{"_acf_changed":false,"footnotes":""},"class_list":["post-1077","page","type-page","status-publish","hentry"],"acf":[],"yoast_head":"<!-- This site is optimized with the Yoast SEO plugin v24.9 - https:\/\/yoast.com\/wordpress\/plugins\/seo\/ -->\n<title>&quot;shibari&quot;, huile sur toile, 46 x 55 cm - Serge Krewiss<\/title>\n<meta name=\"description\" content=\"%\" \/>\n<meta name=\"robots\" content=\"index, follow, max-snippet:-1, max-image-preview:large, max-video-preview:-1\" \/>\n<link rel=\"canonical\" href=\"https:\/\/sergek.fr\/?page_id=1077\" \/>\n<meta property=\"og:locale\" content=\"fr_FR\" \/>\n<meta property=\"og:type\" content=\"article\" \/>\n<meta property=\"og:title\" content=\"&quot;shibari&quot;, huile sur toile, 46 x 55 cm - Serge Krewiss\" \/>\n<meta property=\"og:description\" content=\"%\" \/>\n<meta property=\"og:url\" content=\"https:\/\/sergek.fr\/?page_id=1077\" \/>\n<meta property=\"og:site_name\" content=\"Serge Krewiss\" \/>\n<meta property=\"article:modified_time\" content=\"2021-01-10T11:40:21+00:00\" \/>\n<meta property=\"og:image\" content=\"http:\/\/sergek.fr\/wp-content\/uploads\/2020\/12\/Sergek_Serge-Krewiss_Shibari-860x1024.jpg\" \/>\n<meta name=\"twitter:card\" content=\"summary_large_image\" \/>\n<meta name=\"twitter:label1\" content=\"Dur\u00e9e de lecture estim\u00e9e\" \/>\n\t<meta name=\"twitter:data1\" content=\"1 minute\" \/>\n<script type=\"application\/ld+json\" class=\"yoast-schema-graph\">{\"@context\":\"https:\/\/schema.org\",\"@graph\":[{\"@type\":\"WebPage\",\"@id\":\"https:\/\/sergek.fr\/?page_id=1077\",\"url\":\"https:\/\/sergek.fr\/?page_id=1077\",\"name\":\"\\\"shibari\\\", huile sur toile, 46 x 55 cm - Serge Krewiss\",\"isPartOf\":{\"@id\":\"https:\/\/sergek.fr\/#website\"},\"primaryImageOfPage\":{\"@id\":\"https:\/\/sergek.fr\/?page_id=1077#primaryimage\"},\"image\":{\"@id\":\"https:\/\/sergek.fr\/?page_id=1077#primaryimage\"},\"thumbnailUrl\":\"http:\/\/sergek.fr\/wp-content\/uploads\/2020\/12\/Sergek_Serge-Krewiss_Shibari-860x1024.jpg\",\"datePublished\":\"2021-01-10T11:21:42+00:00\",\"dateModified\":\"2021-01-10T11:40:21+00:00\",\"description\":\"%\",\"breadcrumb\":{\"@id\":\"https:\/\/sergek.fr\/?page_id=1077#breadcrumb\"},\"inLanguage\":\"fr-FR\",\"potentialAction\":[{\"@type\":\"ReadAction\",\"target\":[\"https:\/\/sergek.fr\/?page_id=1077\"]}]},{\"@type\":\"ImageObject\",\"inLanguage\":\"fr-FR\",\"@id\":\"https:\/\/sergek.fr\/?page_id=1077#primaryimage\",\"url\":\"http:\/\/sergek.fr\/wp-content\/uploads\/2020\/12\/Sergek_Serge-Krewiss_Shibari-860x1024.jpg\",\"contentUrl\":\"http:\/\/sergek.fr\/wp-content\/uploads\/2020\/12\/Sergek_Serge-Krewiss_Shibari-860x1024.jpg\"},{\"@type\":\"BreadcrumbList\",\"@id\":\"https:\/\/sergek.fr\/?page_id=1077#breadcrumb\",\"itemListElement\":[{\"@type\":\"ListItem\",\"position\":1,\"name\":\"Accueil\",\"item\":\"https:\/\/sergek.fr\/\"},{\"@type\":\"ListItem\",\"position\":2,\"name\":\"\u00ab\u00a0shibari\u00a0\u00bb, huile sur toile, 46 x 55 cm\"}]},{\"@type\":\"WebSite\",\"@id\":\"https:\/\/sergek.fr\/#website\",\"url\":\"https:\/\/sergek.fr\/\",\"name\":\"Serge Krewiss\",\"description\":\"BIENVENUE SUR LE SITE DE SERGE KREWISS\",\"potentialAction\":[{\"@type\":\"SearchAction\",\"target\":{\"@type\":\"EntryPoint\",\"urlTemplate\":\"https:\/\/sergek.fr\/?s={search_term_string}\"},\"query-input\":{\"@type\":\"PropertyValueSpecification\",\"valueRequired\":true,\"valueName\":\"search_term_string\"}}],\"inLanguage\":\"fr-FR\"}]}<\/script>\n<!-- \/ Yoast SEO plugin. -->","yoast_head_json":{"title":"\"shibari\", huile sur toile, 46 x 55 cm - Serge Krewiss","description":"%","robots":{"index":"index","follow":"follow","max-snippet":"max-snippet:-1","max-image-preview":"max-image-preview:large","max-video-preview":"max-video-preview:-1"},"canonical":"https:\/\/sergek.fr\/?page_id=1077","og_locale":"fr_FR","og_type":"article","og_title":"\"shibari\", huile sur toile, 46 x 55 cm - Serge Krewiss","og_description":"%","og_url":"https:\/\/sergek.fr\/?page_id=1077","og_site_name":"Serge Krewiss","article_modified_time":"2021-01-10T11:40:21+00:00","og_image":[{"url":"http:\/\/sergek.fr\/wp-content\/uploads\/2020\/12\/Sergek_Serge-Krewiss_Shibari-860x1024.jpg","type":"","width":"","height":""}],"twitter_card":"summary_large_image","twitter_misc":{"Dur\u00e9e de lecture estim\u00e9e":"1 minute"},"schema":{"@context":"https:\/\/schema.org","@graph":[{"@type":"WebPage","@id":"https:\/\/sergek.fr\/?page_id=1077","url":"https:\/\/sergek.fr\/?page_id=1077","name":"\"shibari\", huile sur toile, 46 x 55 cm - Serge Krewiss","isPartOf":{"@id":"https:\/\/sergek.fr\/#website"},"primaryImageOfPage":{"@id":"https:\/\/sergek.fr\/?page_id=1077#primaryimage"},"image":{"@id":"https:\/\/sergek.fr\/?page_id=1077#primaryimage"},"thumbnailUrl":"http:\/\/sergek.fr\/wp-content\/uploads\/2020\/12\/Sergek_Serge-Krewiss_Shibari-860x1024.jpg","datePublished":"2021-01-10T11:21:42+00:00","dateModified":"2021-01-10T11:40:21+00:00","description":"%","breadcrumb":{"@id":"https:\/\/sergek.fr\/?page_id=1077#breadcrumb"},"inLanguage":"fr-FR","potentialAction":[{"@type":"ReadAction","target":["https:\/\/sergek.fr\/?page_id=1077"]}]},{"@type":"ImageObject","inLanguage":"fr-FR","@id":"https:\/\/sergek.fr\/?page_id=1077#primaryimage","url":"http:\/\/sergek.fr\/wp-content\/uploads\/2020\/12\/Sergek_Serge-Krewiss_Shibari-860x1024.jpg","contentUrl":"http:\/\/sergek.fr\/wp-content\/uploads\/2020\/12\/Sergek_Serge-Krewiss_Shibari-860x1024.jpg"},{"@type":"BreadcrumbList","@id":"https:\/\/sergek.fr\/?page_id=1077#breadcrumb","itemListElement":[{"@type":"ListItem","position":1,"name":"Accueil","item":"https:\/\/sergek.fr\/"},{"@type":"ListItem","position":2,"name":"\u00ab\u00a0shibari\u00a0\u00bb, huile sur toile, 46 x 55 cm"}]},{"@type":"WebSite","@id":"https:\/\/sergek.fr\/#website","url":"https:\/\/sergek.fr\/","name":"Serge Krewiss","description":"BIENVENUE SUR LE SITE DE SERGE KREWISS","potentialAction":[{"@type":"SearchAction","target":{"@type":"EntryPoint","urlTemplate":"https:\/\/sergek.fr\/?s={search_term_string}"},"query-input":{"@type":"PropertyValueSpecification","valueRequired":true,"valueName":"search_term_string"}}],"inLanguage":"fr-FR"}]}},"_links":{"self":[{"href":"https:\/\/sergek.fr\/index.php?rest_route=\/wp\/v2\/pages\/1077","targetHints":{"allow":["GET"]}}],"collection":[{"href":"https:\/\/sergek.fr\/index.php?rest_route=\/wp\/v2\/pages"}],"about":[{"href":"https:\/\/sergek.fr\/index.php?rest_route=\/wp\/v2\/types\/page"}],"author":[{"embeddable":true,"href":"https:\/\/sergek.fr\/index.php?rest_route=\/wp\/v2\/users\/1"}],"replies":[{"embeddable":true,"href":"https:\/\/sergek.fr\/index.php?rest_route=%2Fwp%2Fv2%2Fcomments&post=1077"}],"version-history":[{"count":2,"href":"https:\/\/sergek.fr\/index.php?rest_route=\/wp\/v2\/pages\/1077\/revisions"}],"predecessor-version":[{"id":1086,"href":"https:\/\/sergek.fr\/index.php?rest_route=\/wp\/v2\/pages\/1077\/revisions\/1086"}],"wp:attachment":[{"href":"https:\/\/sergek.fr\/index.php?rest_route=%2Fwp%2Fv2%2Fmedia&parent=1077"}],"curies":[{"name":"wp","href":"https:\/\/api.w.org\/{rel}","templated":true}]}}