{"id":1050,"date":"2021-01-03T18:41:59","date_gmt":"2021-01-03T16:41:59","guid":{"rendered":"http:\/\/sergek.fr\/?page_id=1050"},"modified":"2021-01-03T20:47:49","modified_gmt":"2021-01-03T18:47:49","slug":"recamier-huile-sur-toile-116-x-89-cm","status":"publish","type":"page","link":"https:\/\/sergek.fr\/?page_id=1050","title":{"rendered":"\u00ab\u00a0r\u00e9camier\u00a0\u00bb, huile sur toile, 116 x 89 cm"},"content":{"rendered":"\n<p>Personnalisation en forme humaine d&rsquo;une simple bouteille d&rsquo;eau en plastique \u00e9cras\u00e9e. La forme de cette bouteille d&rsquo;eau \u00e9cras\u00e9e et couch\u00e9e reprend la posture de Madame R\u00e9camier. Personnage peint par le peintre fran\u00e7ais David. Madame R\u00e9camier a rendu c\u00e9l\u00e8bre le fauteuil du m\u00eame nom.<\/p>\n\n\n\n<p><strong>Ann\u00e9e de cr\u00e9ation : 2017<\/strong><\/p>\n\n\n\n<figure class=\"wp-block-image size-large\"><a href=\"https:\/\/sergek.fr\/wp-content\/uploads\/2017\/12\/Sergek_Serge_Krewiss_Recamier.jpg\"><img loading=\"lazy\" decoding=\"async\" width=\"1024\" height=\"768\" src=\"https:\/\/sergek.fr\/wp-content\/uploads\/2017\/12\/Sergek_Serge_Krewiss_Recamier-1024x768.jpg\" alt=\"\" class=\"wp-image-303\" srcset=\"https:\/\/sergek.fr\/wp-content\/uploads\/2017\/12\/Sergek_Serge_Krewiss_Recamier-1024x768.jpg 1024w, https:\/\/sergek.fr\/wp-content\/uploads\/2017\/12\/Sergek_Serge_Krewiss_Recamier-300x225.jpg 300w, https:\/\/sergek.fr\/wp-content\/uploads\/2017\/12\/Sergek_Serge_Krewiss_Recamier-768x576.jpg 768w, https:\/\/sergek.fr\/wp-content\/uploads\/2017\/12\/Sergek_Serge_Krewiss_Recamier-500x375.jpg 500w, https:\/\/sergek.fr\/wp-content\/uploads\/2017\/12\/Sergek_Serge_Krewiss_Recamier-400x300.jpg 400w\" sizes=\"auto, (max-width: 1024px) 100vw, 1024px\" \/><\/a><figcaption><strong>\u00ab\u00a0R\u00e9camier\u00a0\u00bb<\/strong>, huile sur toile, <em>116 x 89 cm<\/em><\/figcaption><\/figure>\n\n\n\n<p><strong>Mise en situation :<\/strong><\/p>\n\n\n\n<figure class=\"wp-block-image size-large\"><a href=\"https:\/\/sergek.fr\/wp-content\/uploads\/2021\/01\/Serge-Krewiss-Recamier_interieurs4-scaled.jpg\"><img loading=\"lazy\" decoding=\"async\" width=\"1024\" height=\"684\" src=\"https:\/\/sergek.fr\/wp-content\/uploads\/2021\/01\/Serge-Krewiss-Recamier_interieurs4-1024x684.jpg\" alt=\"\" class=\"wp-image-1055\" srcset=\"https:\/\/sergek.fr\/wp-content\/uploads\/2021\/01\/Serge-Krewiss-Recamier_interieurs4-1024x684.jpg 1024w, https:\/\/sergek.fr\/wp-content\/uploads\/2021\/01\/Serge-Krewiss-Recamier_interieurs4-300x200.jpg 300w, https:\/\/sergek.fr\/wp-content\/uploads\/2021\/01\/Serge-Krewiss-Recamier_interieurs4-768x513.jpg 768w, https:\/\/sergek.fr\/wp-content\/uploads\/2021\/01\/Serge-Krewiss-Recamier_interieurs4-1536x1026.jpg 1536w, https:\/\/sergek.fr\/wp-content\/uploads\/2021\/01\/Serge-Krewiss-Recamier_interieurs4-2048x1368.jpg 2048w, https:\/\/sergek.fr\/wp-content\/uploads\/2021\/01\/Serge-Krewiss-Recamier_interieurs4-600x400.jpg 600w\" sizes=\"auto, (max-width: 1024px) 100vw, 1024px\" \/><\/a><\/figure>\n\n\n\n<p><strong>\u00ab\u00a0R\u00e9camier\u00a0\u00bb<\/strong>\u00a0vous int\u00e9resse, <strong><a href=\"https:\/\/sergek.fr\/?page_id=49\">contactez-moi<\/a><\/strong><\/p>\n","protected":false},"excerpt":{"rendered":"<p>Personnalisation en forme humaine d&rsquo;une simple bouteille d&rsquo;eau en plastique \u00e9cras\u00e9e. La forme de cette bouteille d&rsquo;eau \u00e9cras\u00e9e et couch\u00e9e reprend la posture de Madame R\u00e9camier. Personnage peint par le [&hellip;]<\/p>\n","protected":false},"author":1,"featured_media":0,"parent":0,"menu_order":0,"comment_status":"closed","ping_status":"closed","template":"","meta":{"_acf_changed":false,"footnotes":""},"class_list":["post-1050","page","type-page","status-publish","hentry"],"acf":[],"yoast_head":"<!-- This site is optimized with the Yoast SEO plugin v24.9 - https:\/\/yoast.com\/wordpress\/plugins\/seo\/ -->\n<title>&quot;r\u00e9camier&quot;, huile sur toile, 116 x 89 cm - Serge Krewiss<\/title>\n<meta name=\"description\" content=\"%\" \/>\n<meta name=\"robots\" content=\"index, follow, max-snippet:-1, max-image-preview:large, max-video-preview:-1\" \/>\n<link rel=\"canonical\" href=\"https:\/\/sergek.fr\/?page_id=1050\" \/>\n<meta property=\"og:locale\" content=\"fr_FR\" \/>\n<meta property=\"og:type\" content=\"article\" \/>\n<meta property=\"og:title\" content=\"&quot;r\u00e9camier&quot;, huile sur toile, 116 x 89 cm - Serge Krewiss\" \/>\n<meta property=\"og:description\" content=\"%\" \/>\n<meta property=\"og:url\" content=\"https:\/\/sergek.fr\/?page_id=1050\" \/>\n<meta property=\"og:site_name\" content=\"Serge Krewiss\" \/>\n<meta property=\"article:modified_time\" content=\"2021-01-03T18:47:49+00:00\" \/>\n<meta property=\"og:image\" content=\"http:\/\/sergek.fr\/wp-content\/uploads\/2017\/12\/Sergek_Serge_Krewiss_Recamier-1024x768.jpg\" \/>\n<meta name=\"twitter:card\" content=\"summary_large_image\" \/>\n<script type=\"application\/ld+json\" class=\"yoast-schema-graph\">{\"@context\":\"https:\/\/schema.org\",\"@graph\":[{\"@type\":\"WebPage\",\"@id\":\"https:\/\/sergek.fr\/?page_id=1050\",\"url\":\"https:\/\/sergek.fr\/?page_id=1050\",\"name\":\"\\\"r\u00e9camier\\\", huile sur toile, 116 x 89 cm - Serge Krewiss\",\"isPartOf\":{\"@id\":\"https:\/\/sergek.fr\/#website\"},\"primaryImageOfPage\":{\"@id\":\"https:\/\/sergek.fr\/?page_id=1050#primaryimage\"},\"image\":{\"@id\":\"https:\/\/sergek.fr\/?page_id=1050#primaryimage\"},\"thumbnailUrl\":\"http:\/\/sergek.fr\/wp-content\/uploads\/2017\/12\/Sergek_Serge_Krewiss_Recamier-1024x768.jpg\",\"datePublished\":\"2021-01-03T16:41:59+00:00\",\"dateModified\":\"2021-01-03T18:47:49+00:00\",\"description\":\"%\",\"breadcrumb\":{\"@id\":\"https:\/\/sergek.fr\/?page_id=1050#breadcrumb\"},\"inLanguage\":\"fr-FR\",\"potentialAction\":[{\"@type\":\"ReadAction\",\"target\":[\"https:\/\/sergek.fr\/?page_id=1050\"]}]},{\"@type\":\"ImageObject\",\"inLanguage\":\"fr-FR\",\"@id\":\"https:\/\/sergek.fr\/?page_id=1050#primaryimage\",\"url\":\"http:\/\/sergek.fr\/wp-content\/uploads\/2017\/12\/Sergek_Serge_Krewiss_Recamier-1024x768.jpg\",\"contentUrl\":\"http:\/\/sergek.fr\/wp-content\/uploads\/2017\/12\/Sergek_Serge_Krewiss_Recamier-1024x768.jpg\"},{\"@type\":\"BreadcrumbList\",\"@id\":\"https:\/\/sergek.fr\/?page_id=1050#breadcrumb\",\"itemListElement\":[{\"@type\":\"ListItem\",\"position\":1,\"name\":\"Accueil\",\"item\":\"https:\/\/sergek.fr\/\"},{\"@type\":\"ListItem\",\"position\":2,\"name\":\"\u00ab\u00a0r\u00e9camier\u00a0\u00bb, huile sur toile, 116 x 89 cm\"}]},{\"@type\":\"WebSite\",\"@id\":\"https:\/\/sergek.fr\/#website\",\"url\":\"https:\/\/sergek.fr\/\",\"name\":\"Serge Krewiss\",\"description\":\"BIENVENUE SUR LE SITE DE SERGE KREWISS\",\"potentialAction\":[{\"@type\":\"SearchAction\",\"target\":{\"@type\":\"EntryPoint\",\"urlTemplate\":\"https:\/\/sergek.fr\/?s={search_term_string}\"},\"query-input\":{\"@type\":\"PropertyValueSpecification\",\"valueRequired\":true,\"valueName\":\"search_term_string\"}}],\"inLanguage\":\"fr-FR\"}]}<\/script>\n<!-- \/ Yoast SEO plugin. -->","yoast_head_json":{"title":"\"r\u00e9camier\", huile sur toile, 116 x 89 cm - Serge Krewiss","description":"%","robots":{"index":"index","follow":"follow","max-snippet":"max-snippet:-1","max-image-preview":"max-image-preview:large","max-video-preview":"max-video-preview:-1"},"canonical":"https:\/\/sergek.fr\/?page_id=1050","og_locale":"fr_FR","og_type":"article","og_title":"\"r\u00e9camier\", huile sur toile, 116 x 89 cm - Serge Krewiss","og_description":"%","og_url":"https:\/\/sergek.fr\/?page_id=1050","og_site_name":"Serge Krewiss","article_modified_time":"2021-01-03T18:47:49+00:00","og_image":[{"url":"http:\/\/sergek.fr\/wp-content\/uploads\/2017\/12\/Sergek_Serge_Krewiss_Recamier-1024x768.jpg","type":"","width":"","height":""}],"twitter_card":"summary_large_image","schema":{"@context":"https:\/\/schema.org","@graph":[{"@type":"WebPage","@id":"https:\/\/sergek.fr\/?page_id=1050","url":"https:\/\/sergek.fr\/?page_id=1050","name":"\"r\u00e9camier\", huile sur toile, 116 x 89 cm - Serge Krewiss","isPartOf":{"@id":"https:\/\/sergek.fr\/#website"},"primaryImageOfPage":{"@id":"https:\/\/sergek.fr\/?page_id=1050#primaryimage"},"image":{"@id":"https:\/\/sergek.fr\/?page_id=1050#primaryimage"},"thumbnailUrl":"http:\/\/sergek.fr\/wp-content\/uploads\/2017\/12\/Sergek_Serge_Krewiss_Recamier-1024x768.jpg","datePublished":"2021-01-03T16:41:59+00:00","dateModified":"2021-01-03T18:47:49+00:00","description":"%","breadcrumb":{"@id":"https:\/\/sergek.fr\/?page_id=1050#breadcrumb"},"inLanguage":"fr-FR","potentialAction":[{"@type":"ReadAction","target":["https:\/\/sergek.fr\/?page_id=1050"]}]},{"@type":"ImageObject","inLanguage":"fr-FR","@id":"https:\/\/sergek.fr\/?page_id=1050#primaryimage","url":"http:\/\/sergek.fr\/wp-content\/uploads\/2017\/12\/Sergek_Serge_Krewiss_Recamier-1024x768.jpg","contentUrl":"http:\/\/sergek.fr\/wp-content\/uploads\/2017\/12\/Sergek_Serge_Krewiss_Recamier-1024x768.jpg"},{"@type":"BreadcrumbList","@id":"https:\/\/sergek.fr\/?page_id=1050#breadcrumb","itemListElement":[{"@type":"ListItem","position":1,"name":"Accueil","item":"https:\/\/sergek.fr\/"},{"@type":"ListItem","position":2,"name":"\u00ab\u00a0r\u00e9camier\u00a0\u00bb, huile sur toile, 116 x 89 cm"}]},{"@type":"WebSite","@id":"https:\/\/sergek.fr\/#website","url":"https:\/\/sergek.fr\/","name":"Serge Krewiss","description":"BIENVENUE SUR LE SITE DE SERGE KREWISS","potentialAction":[{"@type":"SearchAction","target":{"@type":"EntryPoint","urlTemplate":"https:\/\/sergek.fr\/?s={search_term_string}"},"query-input":{"@type":"PropertyValueSpecification","valueRequired":true,"valueName":"search_term_string"}}],"inLanguage":"fr-FR"}]}},"_links":{"self":[{"href":"https:\/\/sergek.fr\/index.php?rest_route=\/wp\/v2\/pages\/1050","targetHints":{"allow":["GET"]}}],"collection":[{"href":"https:\/\/sergek.fr\/index.php?rest_route=\/wp\/v2\/pages"}],"about":[{"href":"https:\/\/sergek.fr\/index.php?rest_route=\/wp\/v2\/types\/page"}],"author":[{"embeddable":true,"href":"https:\/\/sergek.fr\/index.php?rest_route=\/wp\/v2\/users\/1"}],"replies":[{"embeddable":true,"href":"https:\/\/sergek.fr\/index.php?rest_route=%2Fwp%2Fv2%2Fcomments&post=1050"}],"version-history":[{"count":4,"href":"https:\/\/sergek.fr\/index.php?rest_route=\/wp\/v2\/pages\/1050\/revisions"}],"predecessor-version":[{"id":1059,"href":"https:\/\/sergek.fr\/index.php?rest_route=\/wp\/v2\/pages\/1050\/revisions\/1059"}],"wp:attachment":[{"href":"https:\/\/sergek.fr\/index.php?rest_route=%2Fwp%2Fv2%2Fmedia&parent=1050"}],"curies":[{"name":"wp","href":"https:\/\/api.w.org\/{rel}","templated":true}]}}